{"id":1104,"date":"2021-02-12T13:48:02","date_gmt":"2021-02-12T12:48:02","guid":{"rendered":"https:\/\/www.rofu.de\/unternehmen\/?page_id=1104"},"modified":"2025-06-18T11:27:08","modified_gmt":"2025-06-18T09:27:08","slug":"teilnahmebedingungen","status":"publish","type":"page","link":"https:\/\/www.rofu.de\/unternehmen\/teilnahmebedingungen\/","title":{"rendered":"Teilnahmebedingungen"},"content":{"rendered":"\t\t<div data-elementor-type=\"wp-page\" data-elementor-id=\"1104\" class=\"elementor elementor-1104\" data-elementor-post-type=\"page\">\n\t\t\t\t\t\t<section class=\"elementor-section elementor-top-section elementor-element elementor-element-fe4503a elementor-section-boxed elementor-section-height-default elementor-section-height-default\" data-id=\"fe4503a\" data-element_type=\"section\" data-e-type=\"section\">\n\t\t\t\t\t\t<div class=\"elementor-container elementor-column-gap-default\">\n\t\t\t\t\t<div class=\"elementor-column elementor-col-100 elementor-top-column elementor-element elementor-element-d77229b\" data-id=\"d77229b\" data-element_type=\"column\" data-e-type=\"column\">\n\t\t\t<div class=\"elementor-widget-wrap elementor-element-populated\">\n\t\t\t\t\t\t<div class=\"elementor-element elementor-element-24e97b2 elementor-widget elementor-widget-heading\" data-id=\"24e97b2\" data-element_type=\"widget\" data-e-type=\"widget\" data-widget_type=\"heading.default\">\n\t\t\t\t<div class=\"elementor-widget-container\">\n\t\t\t\t\t<h2 class=\"elementor-heading-title elementor-size-default\">Allgemeine Teilnahmebedingungen f\u00fcr Gewinnspiele<\/h2>\t\t\t\t<\/div>\n\t\t\t\t<\/div>\n\t\t\t\t\t<\/div>\n\t\t<\/div>\n\t\t\t\t\t<\/div>\n\t\t<\/section>\n\t\t\t\t<section class=\"elementor-section elementor-top-section elementor-element elementor-element-dc72064 elementor-section-boxed elementor-section-height-default elementor-section-height-default\" data-id=\"dc72064\" data-element_type=\"section\" data-e-type=\"section\">\n\t\t\t\t\t\t<div class=\"elementor-container elementor-column-gap-default\">\n\t\t\t\t\t<div class=\"elementor-column elementor-col-100 elementor-top-column elementor-element elementor-element-884cff6\" data-id=\"884cff6\" data-element_type=\"column\" data-e-type=\"column\">\n\t\t\t<div class=\"elementor-widget-wrap elementor-element-populated\">\n\t\t\t\t\t\t<div class=\"elementor-element elementor-element-d6ad47a elementor-widget elementor-widget-heading\" data-id=\"d6ad47a\" data-element_type=\"widget\" data-e-type=\"widget\" data-widget_type=\"heading.default\">\n\t\t\t\t<div class=\"elementor-widget-container\">\n\t\t\t\t\t<h2 class=\"elementor-heading-title elementor-size-default\">\u00a71 Teilnahmebedingungen<\/h2>\t\t\t\t<\/div>\n\t\t\t\t<\/div>\n\t\t\t\t<div class=\"elementor-element elementor-element-0b45c7e elementor-widget elementor-widget-text-editor\" data-id=\"0b45c7e\" data-element_type=\"widget\" data-e-type=\"widget\" data-widget_type=\"text-editor.default\">\n\t\t\t\t<div class=\"elementor-widget-container\">\n\t\t\t\t\t\t\t\t\t<p>(1) Teilnahmeberechtigt sind alle Personen, die das 18. Lebensjahr vollendet haben. Minderj\u00e4hrige bed\u00fcrfen zu ihrer Teilnahme, sofern diese nicht ausdr\u00fccklich ausgeschlossen sind, der Zustimmung ihrer\/ihres Erziehungsberechtigten. Die Teilnahme am Gewinnspiel ist unabh\u00e4ngig von dem Erwerb einer Ware oder der Inanspruchnahme einer Dienstleistung der ROFU Kinderland Spielwarenhandels GmbH. Au\u00dfer der Ausf\u00fcllung des Marketingfragebogens hat der Teilnehmer auch keine sonstige Leistung f\u00fcr die Teilnahme zu erbringen.<\/p>\t\t\t\t\t\t\t\t<\/div>\n\t\t\t\t<\/div>\n\t\t\t\t<div class=\"elementor-element elementor-element-387c8df elementor-widget elementor-widget-text-editor\" data-id=\"387c8df\" data-element_type=\"widget\" data-e-type=\"widget\" data-widget_type=\"text-editor.default\">\n\t\t\t\t<div class=\"elementor-widget-container\">\n\t\t\t\t\t\t\t\t\t<p>(2) Jede Person darf nur einmal am Gewinnspiel teilnehmen.<\/p>\t\t\t\t\t\t\t\t<\/div>\n\t\t\t\t<\/div>\n\t\t\t\t<div class=\"elementor-element elementor-element-01a553c elementor-widget elementor-widget-text-editor\" data-id=\"01a553c\" data-element_type=\"widget\" data-e-type=\"widget\" data-widget_type=\"text-editor.default\">\n\t\t\t\t<div class=\"elementor-widget-container\">\n\t\t\t\t\t\t\t\t\t<p>(3) Eine Person nimmt am Gewinnspiel teil, indem sie alle Pflichtfelder vollst\u00e4ndig ausgef\u00fcllt und alle Gewinnspielfragen richtig beantwortet hat. Der Eingang der Gewinnspielantworten und des Anmeldeformulars hat innerhalb der im Gewinnspiel genannten Frist zu erfolgen. Zur \u00dcberpr\u00fcfung der Fristwahrung dient der elektronisch protokollierte Eingang der Daten bei der ROFU Kinderland Spielwarenhandels GmbH.<\/p>\t\t\t\t\t\t\t\t<\/div>\n\t\t\t\t<\/div>\n\t\t\t\t<div class=\"elementor-element elementor-element-1845ed2 elementor-widget elementor-widget-text-editor\" data-id=\"1845ed2\" data-element_type=\"widget\" data-e-type=\"widget\" data-widget_type=\"text-editor.default\">\n\t\t\t\t<div class=\"elementor-widget-container\">\n\t\t\t\t\t\t\t\t\t<p>(4) Der Teilnehmer ist f\u00fcr die Richtigkeit, insbesondere seiner personenbezogenen Daten, E-Mail- und\/oder Postadresse selbst verantwortlich. Entsprechen die angegebenen Personenangaben nicht der Wahrheit, kann ein Ausschluss nach \u00a72 (4) erfolgen.<\/p><p>(5) Die eingetragenen Daten werden zum Zwecke der Gewinnspielabwicklung und Angebotskommunikation durch die ROFU <span class=\"ui-provider a b c d e f g h i j k l m n o p q r s t u v w x y z ab ac ae af ag ah ai aj ak\" dir=\"ltr\">Spielwarenhandelsgesellschaft mbH gespeichert. Wir versichern dir, dass die Daten gem\u00e4\u00df der einschl\u00e4gigen Datenschutzvorschriften, insbesondere der Datenschutzgrundverordnung (DSGVO) behandel<\/span><span class=\"ui-provider a b c d e f g h i j k l m n o p q r s t u v w x y z ab ac ae af ag ah ai aj ak\" dir=\"ltr\">t werden. Eine Weitergabe der personenbezogenen Daten an sonstige Dritte findet nicht statt. Bitte beachte auch unsere <a href=\"https:\/\/www.rofu.de\/datenschutzerklaerung\/\">Datenschutzhinweise<\/a>.<\/span><\/p><p>(6) Voraussetzung f\u00fcr die Teilnahme am Gewinnspiel ist zus\u00e4tzlich die Anmeldung zum Erhalt von Marketing-E-Mails (z.\u202fB. Newsletter) der ROFU Kinderland Spielwarenhandels GmbH. Die Anmeldung erfolgt im Rahmen des Teilnahmeformulars durch aktives Ankreuzen einer entsprechenden Checkbox. Die Einwilligung kann jederzeit mit Wirkung f\u00fcr die Zukunft widerrufen werden, z.\u202fB. \u00fcber den Abmeldelink in jeder E-Mail oder durch eine Nachricht an <a class=\"cursor-pointer\" rel=\"noopener\" data-start=\"661\" data-end=\"680\">datenschutz@rofu.de<\/a>.<\/p>\t\t\t\t\t\t\t\t<\/div>\n\t\t\t\t<\/div>\n\t\t\t\t\t<\/div>\n\t\t<\/div>\n\t\t\t\t\t<\/div>\n\t\t<\/section>\n\t\t\t\t<section class=\"elementor-section elementor-top-section elementor-element elementor-element-08b8150 elementor-section-boxed elementor-section-height-default elementor-section-height-default\" data-id=\"08b8150\" data-element_type=\"section\" data-e-type=\"section\">\n\t\t\t\t\t\t<div class=\"elementor-container elementor-column-gap-default\">\n\t\t\t\t\t<div class=\"elementor-column elementor-col-100 elementor-top-column elementor-element elementor-element-d4464a8\" data-id=\"d4464a8\" data-element_type=\"column\" data-e-type=\"column\">\n\t\t\t<div class=\"elementor-widget-wrap elementor-element-populated\">\n\t\t\t\t\t\t<div class=\"elementor-element elementor-element-4c512ca elementor-widget elementor-widget-heading\" data-id=\"4c512ca\" data-element_type=\"widget\" data-e-type=\"widget\" data-widget_type=\"heading.default\">\n\t\t\t\t<div class=\"elementor-widget-container\">\n\t\t\t\t\t<h2 class=\"elementor-heading-title elementor-size-default\">\u00a72 Ausschluss vom Gewinnspiel<\/h2>\t\t\t\t<\/div>\n\t\t\t\t<\/div>\n\t\t\t\t<div class=\"elementor-element elementor-element-d1bcccf elementor-widget elementor-widget-text-editor\" data-id=\"d1bcccf\" data-element_type=\"widget\" data-e-type=\"widget\" data-widget_type=\"text-editor.default\">\n\t\t\t\t<div class=\"elementor-widget-container\">\n\t\t\t\t\t\t\t\t\t<p>(1) Von der Teilnahme ausgeschlossen sind Mitarbeiter der ROFU Kinderland Spielwarenhandels GmbH, der beteiligten Kooperationspartner sowie jeweils deren Angeh\u00f6rige.<\/p>\t\t\t\t\t\t\t\t<\/div>\n\t\t\t\t<\/div>\n\t\t\t\t<div class=\"elementor-element elementor-element-aeff52f elementor-widget elementor-widget-text-editor\" data-id=\"aeff52f\" data-element_type=\"widget\" data-e-type=\"widget\" data-widget_type=\"text-editor.default\">\n\t\t\t\t<div class=\"elementor-widget-container\">\n\t\t\t\t\t\t\t\t\t<p>(2) Bei einem Versto\u00df gegen diese Teilnahmebedingungen beh\u00e4lt sich die ROFU Kinderland Spielwarenhandels GmbH das Recht vor, Personen vom Gewinnspiel auszuschlie\u00dfen.<\/p>\t\t\t\t\t\t\t\t<\/div>\n\t\t\t\t<\/div>\n\t\t\t\t<div class=\"elementor-element elementor-element-5b58043 elementor-widget elementor-widget-text-editor\" data-id=\"5b58043\" data-element_type=\"widget\" data-e-type=\"widget\" data-widget_type=\"text-editor.default\">\n\t\t\t\t<div class=\"elementor-widget-container\">\n\t\t\t\t\t\t\t\t\t<p>(3) Ausgeschlossen werden auch Personen, die sich unerlaubter Hilfsmittel bedienen oder sich anderweitig durch Manipulation Vorteile verschaffen. Eine robotergesteuerte automatische Eintragung z.B. \u00fcber Gewinnspieldienste wird systembedingt ausgefiltert. Gegebenenfalls k\u00f6nnen in diesen F\u00e4llen auch nachtr\u00e4glich Gewinne aberkannt und zur\u00fcckgefordert werden.<\/p>\t\t\t\t\t\t\t\t<\/div>\n\t\t\t\t<\/div>\n\t\t\t\t<div class=\"elementor-element elementor-element-2ff1946 elementor-widget elementor-widget-text-editor\" data-id=\"2ff1946\" data-element_type=\"widget\" data-e-type=\"widget\" data-widget_type=\"text-editor.default\">\n\t\t\t\t<div class=\"elementor-widget-container\">\n\t\t\t\t\t\t\t\t\t<p>(4) Wer unwahre Personenangaben macht, kann vom Gewinnspiel ausgeschlossen werden.<\/p>\t\t\t\t\t\t\t\t<\/div>\n\t\t\t\t<\/div>\n\t\t\t\t\t<\/div>\n\t\t<\/div>\n\t\t\t\t\t<\/div>\n\t\t<\/section>\n\t\t\t\t<section class=\"elementor-section elementor-top-section elementor-element elementor-element-5c17f2b elementor-section-boxed elementor-section-height-default elementor-section-height-default\" data-id=\"5c17f2b\" data-element_type=\"section\" data-e-type=\"section\">\n\t\t\t\t\t\t<div class=\"elementor-container elementor-column-gap-default\">\n\t\t\t\t\t<div class=\"elementor-column elementor-col-100 elementor-top-column elementor-element elementor-element-1fda788\" data-id=\"1fda788\" data-element_type=\"column\" data-e-type=\"column\">\n\t\t\t<div class=\"elementor-widget-wrap elementor-element-populated\">\n\t\t\t\t\t\t<div class=\"elementor-element elementor-element-25c3190 elementor-widget elementor-widget-heading\" data-id=\"25c3190\" data-element_type=\"widget\" data-e-type=\"widget\" data-widget_type=\"heading.default\">\n\t\t\t\t<div class=\"elementor-widget-container\">\n\t\t\t\t\t<h2 class=\"elementor-heading-title elementor-size-default\">\u00a73 Durchf\u00fchrung und Abwicklung des Gewinnspiels<\/h2>\t\t\t\t<\/div>\n\t\t\t\t<\/div>\n\t\t\t\t<div class=\"elementor-element elementor-element-4194040 elementor-widget elementor-widget-text-editor\" data-id=\"4194040\" data-element_type=\"widget\" data-e-type=\"widget\" data-widget_type=\"text-editor.default\">\n\t\t\t\t<div class=\"elementor-widget-container\">\n\t\t\t\t\t\t\t\t\t<p>(1) An der Verlosung nimmt teil, wer die Gewinnspielfrage richtig beantwortet bzw. die Gewinnspielbedingungen erf\u00fcllt. Jeder Teilnehmer kann nur einmal pro Gewinnspiel an der Verlosung teilnehmen. Die Gewinne werden unter allen zur Teilnahme berechtigten Teilnehmern in einem unabh\u00e4ngigen Losverfahren ermittelt. Die Ermittlung der Teilnahmeberechtigung und der Gewinner erfolgt innerhalb 14 Tagen nach Teilnahmeschluss.<\/p>\t\t\t\t\t\t\t\t<\/div>\n\t\t\t\t<\/div>\n\t\t\t\t<div class=\"elementor-element elementor-element-9ecec08 elementor-widget elementor-widget-text-editor\" data-id=\"9ecec08\" data-element_type=\"widget\" data-e-type=\"widget\" data-widget_type=\"text-editor.default\">\n\t\t\t\t<div class=\"elementor-widget-container\">\n\t\t\t\t\t\t\t\t\t<p>(2) Die Gewinner werden von der ROFU Kinderland Spielwarenhandels GmbH schriftlich benachrichtigt.<\/p>\t\t\t\t\t\t\t\t<\/div>\n\t\t\t\t<\/div>\n\t\t\t\t<div class=\"elementor-element elementor-element-59be061 elementor-widget elementor-widget-text-editor\" data-id=\"59be061\" data-element_type=\"widget\" data-e-type=\"widget\" data-widget_type=\"text-editor.default\">\n\t\t\t\t<div class=\"elementor-widget-container\">\n\t\t\t\t\t\t\t\t\t<p>(3) Die Namen der Gewinner k\u00f6nnen von der ROFU Kinderland Spielwarenhandels GmbH sowie deren Kooperationspartner im Prospekt, auf der Internetseite und dem eigenen Facebook-Account ver\u00f6ffentlicht werden.<\/p>\t\t\t\t\t\t\t\t<\/div>\n\t\t\t\t<\/div>\n\t\t\t\t<div class=\"elementor-element elementor-element-f972d13 elementor-widget elementor-widget-text-editor\" data-id=\"f972d13\" data-element_type=\"widget\" data-e-type=\"widget\" data-widget_type=\"text-editor.default\">\n\t\t\t\t<div class=\"elementor-widget-container\">\n\t\t\t\t\t\t\t\t\t<p>(4) Die Gewinner verpflichten sich, in vertretbarem Rahmen, kostenfrei f\u00fcr Audio-, Foto-, Bild- und Textpromotion im Internet oder gedruckten Ver\u00f6ffentlichungen zur Verf\u00fcgung zu stehen und willigen einer dem Gewinnspielverlauf zweckgebundenen entsprechenden Ver\u00f6ffentlichung ihrer Beitr\u00e4ge in Wort, Bild oder Text ein.<\/p>\t\t\t\t\t\t\t\t<\/div>\n\t\t\t\t<\/div>\n\t\t\t\t<div class=\"elementor-element elementor-element-2e55ca4 elementor-widget elementor-widget-text-editor\" data-id=\"2e55ca4\" data-element_type=\"widget\" data-e-type=\"widget\" data-widget_type=\"text-editor.default\">\n\t\t\t\t<div class=\"elementor-widget-container\">\n\t\t\t\t\t\t\t\t\t<p>(5) Sollte eine Teilnahme des Gewinners aus rechtlichen oder tats\u00e4chlichen Gr\u00fcnden nicht m\u00f6glich sein oder sollte der Gewinner nicht innerhalb von 14 Tagen auf die Gewinnbenachrichtigung antworten, verf\u00e4llt der Gewinn und ein Ersatzgewinner wird ausgelost.<\/p>\t\t\t\t\t\t\t\t<\/div>\n\t\t\t\t<\/div>\n\t\t\t\t<div class=\"elementor-element elementor-element-8a09e07 elementor-widget elementor-widget-text-editor\" data-id=\"8a09e07\" data-element_type=\"widget\" data-e-type=\"widget\" data-widget_type=\"text-editor.default\">\n\t\t\t\t<div class=\"elementor-widget-container\">\n\t\t\t\t\t\t\t\t\t<p>(6) Der im Rahmen des Gewinnspiels als Preis pr\u00e4sentierte Artikel kann hinsichtlich Modell, Farbe u.\u00e4. abweichen, wobei der Wert des Gewinns jedoch gleich bleibt.<\/p>\t\t\t\t\t\t\t\t<\/div>\n\t\t\t\t<\/div>\n\t\t\t\t\t<\/div>\n\t\t<\/div>\n\t\t\t\t\t<\/div>\n\t\t<\/section>\n\t\t\t\t<section class=\"elementor-section elementor-top-section elementor-element elementor-element-723dc00 elementor-section-boxed elementor-section-height-default elementor-section-height-default\" data-id=\"723dc00\" data-element_type=\"section\" data-e-type=\"section\">\n\t\t\t\t\t\t<div class=\"elementor-container elementor-column-gap-default\">\n\t\t\t\t\t<div class=\"elementor-column elementor-col-100 elementor-top-column elementor-element elementor-element-39bc34a\" data-id=\"39bc34a\" data-element_type=\"column\" data-e-type=\"column\">\n\t\t\t<div class=\"elementor-widget-wrap elementor-element-populated\">\n\t\t\t\t\t\t<div class=\"elementor-element elementor-element-261f33b elementor-widget elementor-widget-text-editor\" data-id=\"261f33b\" data-element_type=\"widget\" data-e-type=\"widget\" data-widget_type=\"text-editor.default\">\n\t\t\t\t<div class=\"elementor-widget-container\">\n\t\t\t\t\t\t\t\t\t<p>(7) F\u00fcr Gewinnspiele, die in unseren Filialen stattfinden, gilt generell: &#8222;Nur solange der Vorrat reicht&#8220;<\/p>\t\t\t\t\t\t\t\t<\/div>\n\t\t\t\t<\/div>\n\t\t\t\t\t<\/div>\n\t\t<\/div>\n\t\t\t\t\t<\/div>\n\t\t<\/section>\n\t\t\t\t<\/div>\n\t\t","protected":false},"excerpt":{"rendered":"<p>Allgemeine Teilnahmebedingungen f\u00fcr Gewinnspiele \u00a71 Teilnahmebedingungen (1) Teilnahmeberechtigt sind alle Personen, die das 18. Lebensjahr vollendet haben. Minderj\u00e4hrige bed\u00fcrfen zu ihrer Teilnahme, sofern diese nicht ausdr\u00fccklich ausgeschlossen sind, der Zustimmung ihrer\/ihres Erziehungsberechtigten. Die Teilnahme am Gewinnspiel ist unabh\u00e4ngig von dem Erwerb einer Ware oder der Inanspruchnahme einer Dienstleistung der ROFU Kinderland Spielwarenhandels GmbH. Au\u00dfer der [&hellip;]<\/p>\n","protected":false},"author":1,"featured_media":0,"parent":0,"menu_order":0,"comment_status":"closed","ping_status":"closed","template":"","meta":{"footnotes":""},"class_list":["post-1104","page","type-page","status-publish","hentry","entry"],"yoast_head":"<!-- This site is optimized with the Yoast SEO plugin v27.0 - https:\/\/yoast.com\/product\/yoast-seo-wordpress\/ -->\n<title>Teilnahmebedingungen - ROFU Kinderland<\/title>\n<meta name=\"robots\" content=\"index, follow, max-snippet:-1, max-image-preview:large, max-video-preview:-1\" \/>\n<link rel=\"canonical\" href=\"https:\/\/www.rofu.de\/unternehmen\/teilnahmebedingungen\/\" \/>\n<meta property=\"og:locale\" content=\"de_DE\" \/>\n<meta property=\"og:type\" content=\"article\" \/>\n<meta property=\"og:title\" content=\"Teilnahmebedingungen - ROFU Kinderland\" \/>\n<meta property=\"og:description\" content=\"Allgemeine Teilnahmebedingungen f\u00fcr Gewinnspiele \u00a71 Teilnahmebedingungen (1) Teilnahmeberechtigt sind alle Personen, die das 18. Lebensjahr vollendet haben. Minderj\u00e4hrige bed\u00fcrfen zu ihrer Teilnahme, sofern diese nicht ausdr\u00fccklich ausgeschlossen sind, der Zustimmung ihrer\/ihres Erziehungsberechtigten. Die Teilnahme am Gewinnspiel ist unabh\u00e4ngig von dem Erwerb einer Ware oder der Inanspruchnahme einer Dienstleistung der ROFU Kinderland Spielwarenhandels GmbH. Au\u00dfer der [&hellip;]\" \/>\n<meta property=\"og:url\" content=\"https:\/\/www.rofu.de\/unternehmen\/teilnahmebedingungen\/\" \/>\n<meta property=\"og:site_name\" content=\"ROFU Kinderland\" \/>\n<meta property=\"article:publisher\" content=\"https:\/\/www.facebook.com\/RofuKinderland\/\" \/>\n<meta property=\"article:modified_time\" content=\"2025-06-18T09:27:08+00:00\" \/>\n<meta name=\"twitter:card\" content=\"summary_large_image\" \/>\n<meta name=\"twitter:label1\" content=\"Gesch\u00e4tzte Lesezeit\" \/>\n\t<meta name=\"twitter:data1\" content=\"4\u00a0Minuten\" \/>\n<script type=\"application\/ld+json\" class=\"yoast-schema-graph\">{\"@context\":\"https:\/\/schema.org\",\"@graph\":[{\"@type\":\"WebPage\",\"@id\":\"https:\/\/www.rofu.de\/unternehmen\/teilnahmebedingungen\/\",\"url\":\"https:\/\/www.rofu.de\/unternehmen\/teilnahmebedingungen\/\",\"name\":\"Teilnahmebedingungen - ROFU Kinderland\",\"isPartOf\":{\"@id\":\"https:\/\/www.rofu.de\/unternehmen\/#website\"},\"datePublished\":\"2021-02-12T12:48:02+00:00\",\"dateModified\":\"2025-06-18T09:27:08+00:00\",\"breadcrumb\":{\"@id\":\"https:\/\/www.rofu.de\/unternehmen\/teilnahmebedingungen\/#breadcrumb\"},\"inLanguage\":\"de\",\"potentialAction\":[{\"@type\":\"ReadAction\",\"target\":[\"https:\/\/www.rofu.de\/unternehmen\/teilnahmebedingungen\/\"]}]},{\"@type\":\"BreadcrumbList\",\"@id\":\"https:\/\/www.rofu.de\/unternehmen\/teilnahmebedingungen\/#breadcrumb\",\"itemListElement\":[{\"@type\":\"ListItem\",\"position\":1,\"name\":\"ROFU.de\/unternehmen\",\"item\":\"https:\/\/www.rofu.de\/unternehmen\/\"},{\"@type\":\"ListItem\",\"position\":2,\"name\":\"Teilnahmebedingungen\"}]},{\"@type\":\"WebSite\",\"@id\":\"https:\/\/www.rofu.de\/unternehmen\/#website\",\"url\":\"https:\/\/www.rofu.de\/unternehmen\/\",\"name\":\"ROFU Kinderland | Unternehmen\",\"description\":\"ROFU Kinderland Unternehmen\",\"publisher\":{\"@id\":\"https:\/\/www.rofu.de\/unternehmen\/#organization\"},\"potentialAction\":[{\"@type\":\"SearchAction\",\"target\":{\"@type\":\"EntryPoint\",\"urlTemplate\":\"https:\/\/www.rofu.de\/unternehmen\/?s={search_term_string}\"},\"query-input\":{\"@type\":\"PropertyValueSpecification\",\"valueRequired\":true,\"valueName\":\"search_term_string\"}}],\"inLanguage\":\"de\"},{\"@type\":\"Organization\",\"@id\":\"https:\/\/www.rofu.de\/unternehmen\/#organization\",\"name\":\"ROFU Kinderland Spielwarenhandelsgesellschaft mbH\",\"url\":\"https:\/\/www.rofu.de\/unternehmen\/\",\"logo\":{\"@type\":\"ImageObject\",\"inLanguage\":\"de\",\"@id\":\"https:\/\/www.rofu.de\/unternehmen\/#\/schema\/logo\/image\/\",\"url\":\"https:\/\/www.rofu.de\/unternehmen\/wp-content\/uploads\/2021\/02\/logo.png\",\"contentUrl\":\"https:\/\/www.rofu.de\/unternehmen\/wp-content\/uploads\/2021\/02\/logo.png\",\"width\":1000,\"height\":250,\"caption\":\"ROFU Kinderland Spielwarenhandelsgesellschaft mbH\"},\"image\":{\"@id\":\"https:\/\/www.rofu.de\/unternehmen\/#\/schema\/logo\/image\/\"},\"sameAs\":[\"https:\/\/www.facebook.com\/RofuKinderland\/\",\"https:\/\/www.instagram.com\/rofukinderland\/\"]}]}<\/script>\n<!-- \/ Yoast SEO plugin. -->","yoast_head_json":{"title":"Teilnahmebedingungen - ROFU Kinderland","robots":{"index":"index","follow":"follow","max-snippet":"max-snippet:-1","max-image-preview":"max-image-preview:large","max-video-preview":"max-video-preview:-1"},"canonical":"https:\/\/www.rofu.de\/unternehmen\/teilnahmebedingungen\/","og_locale":"de_DE","og_type":"article","og_title":"Teilnahmebedingungen - ROFU Kinderland","og_description":"Allgemeine Teilnahmebedingungen f\u00fcr Gewinnspiele \u00a71 Teilnahmebedingungen (1) Teilnahmeberechtigt sind alle Personen, die das 18. Lebensjahr vollendet haben. Minderj\u00e4hrige bed\u00fcrfen zu ihrer Teilnahme, sofern diese nicht ausdr\u00fccklich ausgeschlossen sind, der Zustimmung ihrer\/ihres Erziehungsberechtigten. Die Teilnahme am Gewinnspiel ist unabh\u00e4ngig von dem Erwerb einer Ware oder der Inanspruchnahme einer Dienstleistung der ROFU Kinderland Spielwarenhandels GmbH. Au\u00dfer der [&hellip;]","og_url":"https:\/\/www.rofu.de\/unternehmen\/teilnahmebedingungen\/","og_site_name":"ROFU Kinderland","article_publisher":"https:\/\/www.facebook.com\/RofuKinderland\/","article_modified_time":"2025-06-18T09:27:08+00:00","twitter_card":"summary_large_image","twitter_misc":{"Gesch\u00e4tzte Lesezeit":"4\u00a0Minuten"},"schema":{"@context":"https:\/\/schema.org","@graph":[{"@type":"WebPage","@id":"https:\/\/www.rofu.de\/unternehmen\/teilnahmebedingungen\/","url":"https:\/\/www.rofu.de\/unternehmen\/teilnahmebedingungen\/","name":"Teilnahmebedingungen - ROFU Kinderland","isPartOf":{"@id":"https:\/\/www.rofu.de\/unternehmen\/#website"},"datePublished":"2021-02-12T12:48:02+00:00","dateModified":"2025-06-18T09:27:08+00:00","breadcrumb":{"@id":"https:\/\/www.rofu.de\/unternehmen\/teilnahmebedingungen\/#breadcrumb"},"inLanguage":"de","potentialAction":[{"@type":"ReadAction","target":["https:\/\/www.rofu.de\/unternehmen\/teilnahmebedingungen\/"]}]},{"@type":"BreadcrumbList","@id":"https:\/\/www.rofu.de\/unternehmen\/teilnahmebedingungen\/#breadcrumb","itemListElement":[{"@type":"ListItem","position":1,"name":"ROFU.de\/unternehmen","item":"https:\/\/www.rofu.de\/unternehmen\/"},{"@type":"ListItem","position":2,"name":"Teilnahmebedingungen"}]},{"@type":"WebSite","@id":"https:\/\/www.rofu.de\/unternehmen\/#website","url":"https:\/\/www.rofu.de\/unternehmen\/","name":"ROFU Kinderland | Unternehmen","description":"ROFU Kinderland Unternehmen","publisher":{"@id":"https:\/\/www.rofu.de\/unternehmen\/#organization"},"potentialAction":[{"@type":"SearchAction","target":{"@type":"EntryPoint","urlTemplate":"https:\/\/www.rofu.de\/unternehmen\/?s={search_term_string}"},"query-input":{"@type":"PropertyValueSpecification","valueRequired":true,"valueName":"search_term_string"}}],"inLanguage":"de"},{"@type":"Organization","@id":"https:\/\/www.rofu.de\/unternehmen\/#organization","name":"ROFU Kinderland Spielwarenhandelsgesellschaft mbH","url":"https:\/\/www.rofu.de\/unternehmen\/","logo":{"@type":"ImageObject","inLanguage":"de","@id":"https:\/\/www.rofu.de\/unternehmen\/#\/schema\/logo\/image\/","url":"https:\/\/www.rofu.de\/unternehmen\/wp-content\/uploads\/2021\/02\/logo.png","contentUrl":"https:\/\/www.rofu.de\/unternehmen\/wp-content\/uploads\/2021\/02\/logo.png","width":1000,"height":250,"caption":"ROFU Kinderland Spielwarenhandelsgesellschaft mbH"},"image":{"@id":"https:\/\/www.rofu.de\/unternehmen\/#\/schema\/logo\/image\/"},"sameAs":["https:\/\/www.facebook.com\/RofuKinderland\/","https:\/\/www.instagram.com\/rofukinderland\/"]}]}},"_links":{"self":[{"href":"https:\/\/www.rofu.de\/unternehmen\/wp-json\/wp\/v2\/pages\/1104","targetHints":{"allow":["GET"]}}],"collection":[{"href":"https:\/\/www.rofu.de\/unternehmen\/wp-json\/wp\/v2\/pages"}],"about":[{"href":"https:\/\/www.rofu.de\/unternehmen\/wp-json\/wp\/v2\/types\/page"}],"author":[{"embeddable":true,"href":"https:\/\/www.rofu.de\/unternehmen\/wp-json\/wp\/v2\/users\/1"}],"replies":[{"embeddable":true,"href":"https:\/\/www.rofu.de\/unternehmen\/wp-json\/wp\/v2\/comments?post=1104"}],"version-history":[{"count":25,"href":"https:\/\/www.rofu.de\/unternehmen\/wp-json\/wp\/v2\/pages\/1104\/revisions"}],"predecessor-version":[{"id":19377,"href":"https:\/\/www.rofu.de\/unternehmen\/wp-json\/wp\/v2\/pages\/1104\/revisions\/19377"}],"wp:attachment":[{"href":"https:\/\/www.rofu.de\/unternehmen\/wp-json\/wp\/v2\/media?parent=1104"}],"curies":[{"name":"wp","href":"https:\/\/api.w.org\/{rel}","templated":true}]}}