{"id":242,"date":"2021-01-29T09:07:45","date_gmt":"2021-01-29T08:07:45","guid":{"rendered":"https:\/\/stage.rofu.de\/unternehmen\/?page_id=242"},"modified":"2025-07-09T12:14:24","modified_gmt":"2025-07-09T10:14:24","slug":"unternehmensgeschichte","status":"publish","type":"page","link":"https:\/\/www.rofu.de\/unternehmen\/ueber-uns\/unternehmensgeschichte\/","title":{"rendered":"Geschichte"},"content":{"rendered":"\t\t<div data-elementor-type=\"wp-page\" data-elementor-id=\"242\" class=\"elementor elementor-242\" data-elementor-post-type=\"page\">\n\t\t\t\t\t\t<section class=\"elementor-section elementor-top-section elementor-element elementor-element-e88fc59 elementor-section-boxed elementor-section-height-default elementor-section-height-default\" data-id=\"e88fc59\" data-element_type=\"section\" data-e-type=\"section\">\n\t\t\t\t\t\t<div class=\"elementor-container elementor-column-gap-default\">\n\t\t\t\t\t<div class=\"elementor-column elementor-col-100 elementor-top-column elementor-element elementor-element-76bf25c\" data-id=\"76bf25c\" data-element_type=\"column\" data-e-type=\"column\">\n\t\t\t<div class=\"elementor-widget-wrap elementor-element-populated\">\n\t\t\t\t\t\t<div class=\"elementor-element elementor-element-c0d4701 elementor-widget elementor-widget-heading\" data-id=\"c0d4701\" data-element_type=\"widget\" data-e-type=\"widget\" data-widget_type=\"heading.default\">\n\t\t\t\t<div class=\"elementor-widget-container\">\n\t\t\t\t\t<h2 class=\"elementor-heading-title elementor-size-default\">Geschichte<\/h2>\t\t\t\t<\/div>\n\t\t\t\t<\/div>\n\t\t\t\t<div class=\"elementor-element elementor-element-d025e3c elementor-widget elementor-widget-text-editor\" data-id=\"d025e3c\" data-element_type=\"widget\" data-e-type=\"widget\" data-widget_type=\"text-editor.default\">\n\t\t\t\t<div class=\"elementor-widget-container\">\n\t\t\t\t\t\t\t\t\t<p>Eberhard Fuchs gr\u00fcndete 1962 im Alter von 18 Jahren die Firma \u201eRobert Fuchs Spielwaren\u201d. Er nannte die Firma nach seinem Vater Robert, da er noch unter 21 Jahren und somit nicht vollj\u00e4hrig war. In den ersten Jahren belieferte Fuchs kleinere L\u00e4den und Schausteller und reiste schon fr\u00fch nach Fernost, um die Waren von dort selbst zu importieren. Als Ende der Sechziger Jahre die SB-M\u00e4rkte in Deutschland Einzug hielten, best\u00fcckte der junge Unternehmer die Regale gro\u00dfer SB-Markt-Ketten wie Rewe, Grosso, Toom und Tengelmann bundesweit mit aktuellen Spielwaren, die in Europa und in Fernost eingekauft wurden. Die Leidenschaft f\u00fcr HongKong ist bis heute geblieben \u00ad &#8211; ROFU betreibt noch heute ein eigenes B\u00fcro in der faszinierenden Handelsmetropole.<\/p><p>Nach langj\u00e4hriger Lieferantent\u00e4tigkeit und dem Aufbau eines weitreichenden Handelsnetzwerks gr\u00fcndete Fuchs 1984 sein erstes eigenes Spielwarengesch\u00e4ft \u201eROFU Kinderland\u201d in Birkenfeld. In einer Lagerhalle wurden Eigenimporte und Markenspielwaren zu sehr g\u00fcnstigen Preisen angeboten. Obwohl das ROFU Kinderland nicht in einem typischen Einkaufsgebiet lag, sprach sich das gute Preis-Leistungs-Verh\u00e4ltnis und die beachtliche Auswahl schnell herum \u2013 das Gesch\u00e4ft wurde ein gro\u00dfer Erfolg. Eberhard Fuchs erkannte fr\u00fch das Potenzial seiner Gesch\u00e4ftsidee und entschloss sich, weitere Filialen in Rheinland-Pfalz und dem angrenzenden Saarland zu er\u00f6ffnen.<\/p>\t\t\t\t\t\t\t\t<\/div>\n\t\t\t\t<\/div>\n\t\t\t\t\t<\/div>\n\t\t<\/div>\n\t\t\t\t\t<\/div>\n\t\t<\/section>\n\t\t\t\t<section class=\"elementor-section elementor-top-section elementor-element elementor-element-7a95630 elementor-section-boxed elementor-section-height-default elementor-section-height-default\" data-id=\"7a95630\" data-element_type=\"section\" data-e-type=\"section\">\n\t\t\t\t\t\t<div class=\"elementor-container elementor-column-gap-default\">\n\t\t\t\t\t<div class=\"elementor-column elementor-col-33 elementor-top-column elementor-element elementor-element-1cea4fa\" data-id=\"1cea4fa\" data-element_type=\"column\" data-e-type=\"column\">\n\t\t\t<div class=\"elementor-widget-wrap elementor-element-populated\">\n\t\t\t\t\t\t<div class=\"elementor-element elementor-element-dbab1d1 elementor-widget elementor-widget-image\" data-id=\"dbab1d1\" data-element_type=\"widget\" data-e-type=\"widget\" data-widget_type=\"image.default\">\n\t\t\t\t<div class=\"elementor-widget-container\">\n\t\t\t\t\t\t\t\t\t\t\t\t\t\t\t<img fetchpriority=\"high\" decoding=\"async\" width=\"642\" height=\"500\" src=\"https:\/\/www.rofu.de\/unternehmen\/wp-content\/uploads\/2021\/02\/ROFU_Filiale.png\" class=\"attachment-large size-large wp-image-848\" alt=\"Geschichte - erste ROFU Filiale\" srcset=\"https:\/\/www.rofu.de\/unternehmen\/wp-content\/uploads\/2021\/02\/ROFU_Filiale.png 642w, https:\/\/www.rofu.de\/unternehmen\/wp-content\/uploads\/2021\/02\/ROFU_Filiale-300x234.png 300w\" sizes=\"(max-width: 642px) 100vw, 642px\" \/>\t\t\t\t\t\t\t\t\t\t\t\t\t\t\t<\/div>\n\t\t\t\t<\/div>\n\t\t\t\t\t<\/div>\n\t\t<\/div>\n\t\t\t\t<div class=\"elementor-column elementor-col-33 elementor-top-column elementor-element elementor-element-faf3790\" data-id=\"faf3790\" data-element_type=\"column\" data-e-type=\"column\">\n\t\t\t<div class=\"elementor-widget-wrap elementor-element-populated\">\n\t\t\t\t\t\t<div class=\"elementor-element elementor-element-deb8fe5 elementor-widget elementor-widget-image\" data-id=\"deb8fe5\" data-element_type=\"widget\" data-e-type=\"widget\" data-widget_type=\"image.default\">\n\t\t\t\t<div class=\"elementor-widget-container\">\n\t\t\t\t\t\t\t\t\t\t\t\t\t\t\t<img decoding=\"async\" width=\"600\" height=\"468\" src=\"https:\/\/www.rofu.de\/unternehmen\/wp-content\/uploads\/2021\/02\/ROFU-Zentrale-Hopp-alt.png\" class=\"attachment-large size-large wp-image-849\" alt=\"Geschichte - ROFU Zentrale\" srcset=\"https:\/\/www.rofu.de\/unternehmen\/wp-content\/uploads\/2021\/02\/ROFU-Zentrale-Hopp-alt.png 600w, https:\/\/www.rofu.de\/unternehmen\/wp-content\/uploads\/2021\/02\/ROFU-Zentrale-Hopp-alt-300x234.png 300w\" sizes=\"(max-width: 600px) 100vw, 600px\" \/>\t\t\t\t\t\t\t\t\t\t\t\t\t\t\t<\/div>\n\t\t\t\t<\/div>\n\t\t\t\t\t<\/div>\n\t\t<\/div>\n\t\t\t\t<div class=\"elementor-column elementor-col-33 elementor-top-column elementor-element elementor-element-f41653f\" data-id=\"f41653f\" data-element_type=\"column\" data-e-type=\"column\">\n\t\t\t<div class=\"elementor-widget-wrap elementor-element-populated\">\n\t\t\t\t\t\t<div class=\"elementor-element elementor-element-760dda4 elementor-widget elementor-widget-image\" data-id=\"760dda4\" data-element_type=\"widget\" data-e-type=\"widget\" data-widget_type=\"image.default\">\n\t\t\t\t<div class=\"elementor-widget-container\">\n\t\t\t\t\t\t\t\t\t\t\t\t\t\t\t<img decoding=\"async\" width=\"234\" height=\"300\" src=\"https:\/\/www.rofu.de\/unternehmen\/wp-content\/uploads\/2021\/02\/ROFU_Bus-234x300.png\" class=\"attachment-medium size-medium wp-image-847\" alt=\"Geschichte - ROFU Bulli\" srcset=\"https:\/\/www.rofu.de\/unternehmen\/wp-content\/uploads\/2021\/02\/ROFU_Bus-234x300.png 234w, https:\/\/www.rofu.de\/unternehmen\/wp-content\/uploads\/2021\/02\/ROFU_Bus.png 500w\" sizes=\"(max-width: 234px) 100vw, 234px\" \/>\t\t\t\t\t\t\t\t\t\t\t\t\t\t\t<\/div>\n\t\t\t\t<\/div>\n\t\t\t\t\t<\/div>\n\t\t<\/div>\n\t\t\t\t\t<\/div>\n\t\t<\/section>\n\t\t\t\t<section class=\"elementor-section elementor-top-section elementor-element elementor-element-fe733db elementor-section-boxed elementor-section-height-default elementor-section-height-default\" data-id=\"fe733db\" data-element_type=\"section\" data-e-type=\"section\">\n\t\t\t\t\t\t<div class=\"elementor-container elementor-column-gap-default\">\n\t\t\t\t\t<div class=\"elementor-column elementor-col-100 elementor-top-column elementor-element elementor-element-a5d9797\" data-id=\"a5d9797\" data-element_type=\"column\" data-e-type=\"column\">\n\t\t\t<div class=\"elementor-widget-wrap elementor-element-populated\">\n\t\t\t\t\t\t<div class=\"elementor-element elementor-element-09ad07d elementor-widget elementor-widget-heading\" data-id=\"09ad07d\" data-element_type=\"widget\" data-e-type=\"widget\" data-widget_type=\"heading.default\">\n\t\t\t\t<div class=\"elementor-widget-container\">\n\t\t\t\t\t<h2 class=\"elementor-heading-title elementor-size-default\">Die Geschichte geht weiter...<\/h2>\t\t\t\t<\/div>\n\t\t\t\t<\/div>\n\t\t\t\t\t<\/div>\n\t\t<\/div>\n\t\t\t\t\t<\/div>\n\t\t<\/section>\n\t\t\t\t<section class=\"elementor-section elementor-top-section elementor-element elementor-element-b03038f elementor-section-boxed elementor-section-height-default elementor-section-height-default\" data-id=\"b03038f\" data-element_type=\"section\" data-e-type=\"section\">\n\t\t\t\t\t\t<div class=\"elementor-container elementor-column-gap-default\">\n\t\t\t\t\t<div class=\"elementor-column elementor-col-100 elementor-top-column elementor-element elementor-element-46cdc86\" data-id=\"46cdc86\" data-element_type=\"column\" data-e-type=\"column\">\n\t\t\t<div class=\"elementor-widget-wrap elementor-element-populated\">\n\t\t\t\t\t\t<div class=\"elementor-element elementor-element-27556a5 elementor-widget elementor-widget-text-editor\" data-id=\"27556a5\" data-element_type=\"widget\" data-e-type=\"widget\" data-widget_type=\"text-editor.default\">\n\t\t\t\t<div class=\"elementor-widget-container\">\n\t\t\t\t\t\t\t\t\t<p>Mit dem Erfolg des ersten ROFU Kinderlandes in Birkenfeld wurde die Expansion im n\u00e4heren Einzugsbereich im Saarland und Rheinland-Pfalz fortgesetzt. Es war sehr schnell erkennbar, dass dies der Anfang einer Erfolgsgeschichte war.<\/p>\n<p>ROFU Kinderland hat sich als Spielwaren- und Babyfachmarkt im S\u00fcdwesten Deutschlands etabliert und betreibt im M\u00e4rz 2023 insgesamt 100 Filialen in sechs Bundesl\u00e4ndern. Die B\u00fcro- und Lagerr\u00e4ume waren bald zu klein, sodass innerhalb des Stadtgebietes Birkenfeld weitere Lagerr\u00e4ume angemietet werden mussten. Da eine Expansion in der Stadt<br>Birkenfeld aufgrund fehlender Gewerbefl\u00e4chen nicht m\u00f6glich war, wurde von der Gemeinde Hoppst\u00e4dten eine Fl\u00e4che angeboten, die dann auch kurzfristig im Jahr 1991 bebaut<br>werden konnte. Die Er\u00f6ffnung neuer Filialen setzte sich z\u00fcgig fort, sodass auch die neue Fl\u00e4che nach f\u00fcnf Jahren zu klein wurde und weitere Anbauma\u00dfnahmen erfolgten. Im Laufe der Expansion wurden im Umkreis von ca. 40 km acht verschiedene Au\u00dfenl\u00e4ger angemietet, um die Warenversorgung der vielen neuen Filialen zu sichern.<\/p>\n<p>Ende des Jahres 2004 waren in Hoppst\u00e4dten insgesamt 25.000 m2 Lager- und Arbeitsfl\u00e4che sowie ca. 2.000 m2 B\u00fcror\u00e4ume und ein Musterzimmer in Betrieb. Die Expansion setzte sich z\u00fcgig fort, so dass die acht Au\u00dfenl\u00e4ger nicht mehr ausreichten und Ende 2004 aufgel\u00f6st wurden. Daf\u00fcr wurde ein 27.000 m2 gro\u00dfes Lager in Ramstein an der Autobahn Kaiserslautern\/Saarbr\u00fccken in Betrieb genommen.<\/p>\n<p>Seit September 2011 wurde das Zentrallager in Hoppst\u00e4dten kontinuierlich auf eine Gesamtfl\u00e4che von 36.000 m2 vergr\u00f6\u00dfert. Mit diesem Ausbau wurde die Versorgung von \u00fcber 100 Filialen m\u00f6glich, und der Grundstein f\u00fcr die weitere Expansion gelegt.<\/p>\n<p>Im M\u00e4rz 2023 war es dann endlich so weit. Die 100ste Filiale er\u00f6ffnete in Schwandorf. Im Oktober 2024 feierte ROFU Kinderland seinen 40sten Geburtstag.<\/p>\t\t\t\t\t\t\t\t<\/div>\n\t\t\t\t<\/div>\n\t\t\t\t\t<\/div>\n\t\t<\/div>\n\t\t\t\t\t<\/div>\n\t\t<\/section>\n\t\t\t\t<\/div>\n\t\t","protected":false},"excerpt":{"rendered":"<p>Geschichte Eberhard Fuchs gr\u00fcndete 1962 im Alter von 18 Jahren die Firma \u201eRobert Fuchs Spielwaren\u201d. Er nannte die Firma nach seinem Vater Robert, da er noch unter 21 Jahren und somit nicht vollj\u00e4hrig war. In den ersten Jahren belieferte Fuchs kleinere L\u00e4den und Schausteller und reiste schon fr\u00fch nach Fernost, um die Waren von dort [&hellip;]<\/p>\n","protected":false},"author":1,"featured_media":0,"parent":80,"menu_order":0,"comment_status":"closed","ping_status":"closed","template":"","meta":{"footnotes":""},"class_list":["post-242","page","type-page","status-publish","hentry","entry"],"yoast_head":"<!-- This site is optimized with the Yoast SEO plugin v27.0 - https:\/\/yoast.com\/product\/yoast-seo-wordpress\/ -->\n<title>Geschichte - ROFU Kinderland<\/title>\n<meta name=\"robots\" content=\"index, follow, max-snippet:-1, max-image-preview:large, max-video-preview:-1\" \/>\n<link rel=\"canonical\" href=\"https:\/\/www.rofu.de\/unternehmen\/ueber-uns\/unternehmensgeschichte\/\" \/>\n<meta property=\"og:locale\" content=\"de_DE\" \/>\n<meta property=\"og:type\" content=\"article\" \/>\n<meta property=\"og:title\" content=\"Geschichte - ROFU Kinderland\" \/>\n<meta property=\"og:description\" content=\"Geschichte Eberhard Fuchs gr\u00fcndete 1962 im Alter von 18 Jahren die Firma \u201eRobert Fuchs Spielwaren\u201d. Er nannte die Firma nach seinem Vater Robert, da er noch unter 21 Jahren und somit nicht vollj\u00e4hrig war. In den ersten Jahren belieferte Fuchs kleinere L\u00e4den und Schausteller und reiste schon fr\u00fch nach Fernost, um die Waren von dort [&hellip;]\" \/>\n<meta property=\"og:url\" content=\"https:\/\/www.rofu.de\/unternehmen\/ueber-uns\/unternehmensgeschichte\/\" \/>\n<meta property=\"og:site_name\" content=\"ROFU Kinderland\" \/>\n<meta property=\"article:publisher\" content=\"https:\/\/www.facebook.com\/RofuKinderland\/\" \/>\n<meta property=\"article:modified_time\" content=\"2025-07-09T10:14:24+00:00\" \/>\n<meta property=\"og:image\" content=\"https:\/\/www.rofu.de\/unternehmen\/wp-content\/uploads\/2021\/02\/ROFU_Filiale.png\" \/>\n\t<meta property=\"og:image:width\" content=\"642\" \/>\n\t<meta property=\"og:image:height\" content=\"500\" \/>\n\t<meta property=\"og:image:type\" content=\"image\/png\" \/>\n<meta name=\"twitter:card\" content=\"summary_large_image\" \/>\n<meta name=\"twitter:label1\" content=\"Gesch\u00e4tzte Lesezeit\" \/>\n\t<meta name=\"twitter:data1\" content=\"4\u00a0Minuten\" \/>\n<script type=\"application\/ld+json\" class=\"yoast-schema-graph\">{\"@context\":\"https:\/\/schema.org\",\"@graph\":[{\"@type\":\"WebPage\",\"@id\":\"https:\/\/www.rofu.de\/unternehmen\/ueber-uns\/unternehmensgeschichte\/\",\"url\":\"https:\/\/www.rofu.de\/unternehmen\/ueber-uns\/unternehmensgeschichte\/\",\"name\":\"Geschichte - ROFU Kinderland\",\"isPartOf\":{\"@id\":\"https:\/\/www.rofu.de\/unternehmen\/#website\"},\"primaryImageOfPage\":{\"@id\":\"https:\/\/www.rofu.de\/unternehmen\/ueber-uns\/unternehmensgeschichte\/#primaryimage\"},\"image\":{\"@id\":\"https:\/\/www.rofu.de\/unternehmen\/ueber-uns\/unternehmensgeschichte\/#primaryimage\"},\"thumbnailUrl\":\"https:\/\/www.rofu.de\/unternehmen\/wp-content\/uploads\/2021\/02\/ROFU_Filiale.png\",\"datePublished\":\"2021-01-29T08:07:45+00:00\",\"dateModified\":\"2025-07-09T10:14:24+00:00\",\"breadcrumb\":{\"@id\":\"https:\/\/www.rofu.de\/unternehmen\/ueber-uns\/unternehmensgeschichte\/#breadcrumb\"},\"inLanguage\":\"de\",\"potentialAction\":[{\"@type\":\"ReadAction\",\"target\":[\"https:\/\/www.rofu.de\/unternehmen\/ueber-uns\/unternehmensgeschichte\/\"]}]},{\"@type\":\"ImageObject\",\"inLanguage\":\"de\",\"@id\":\"https:\/\/www.rofu.de\/unternehmen\/ueber-uns\/unternehmensgeschichte\/#primaryimage\",\"url\":\"https:\/\/www.rofu.de\/unternehmen\/wp-content\/uploads\/2021\/02\/ROFU_Filiale.png\",\"contentUrl\":\"https:\/\/www.rofu.de\/unternehmen\/wp-content\/uploads\/2021\/02\/ROFU_Filiale.png\",\"width\":642,\"height\":500,\"caption\":\"Geschichte - erste ROFU Filiale\"},{\"@type\":\"BreadcrumbList\",\"@id\":\"https:\/\/www.rofu.de\/unternehmen\/ueber-uns\/unternehmensgeschichte\/#breadcrumb\",\"itemListElement\":[{\"@type\":\"ListItem\",\"position\":1,\"name\":\"ROFU.de\/unternehmen\",\"item\":\"https:\/\/www.rofu.de\/unternehmen\/\"},{\"@type\":\"ListItem\",\"position\":2,\"name\":\"\u00dcber uns\",\"item\":\"https:\/\/www.rofu.de\/unternehmen\/ueber-uns\/\"},{\"@type\":\"ListItem\",\"position\":3,\"name\":\"Geschichte\"}]},{\"@type\":\"WebSite\",\"@id\":\"https:\/\/www.rofu.de\/unternehmen\/#website\",\"url\":\"https:\/\/www.rofu.de\/unternehmen\/\",\"name\":\"ROFU Kinderland | Unternehmen\",\"description\":\"ROFU Kinderland Unternehmen\",\"publisher\":{\"@id\":\"https:\/\/www.rofu.de\/unternehmen\/#organization\"},\"potentialAction\":[{\"@type\":\"SearchAction\",\"target\":{\"@type\":\"EntryPoint\",\"urlTemplate\":\"https:\/\/www.rofu.de\/unternehmen\/?s={search_term_string}\"},\"query-input\":{\"@type\":\"PropertyValueSpecification\",\"valueRequired\":true,\"valueName\":\"search_term_string\"}}],\"inLanguage\":\"de\"},{\"@type\":\"Organization\",\"@id\":\"https:\/\/www.rofu.de\/unternehmen\/#organization\",\"name\":\"ROFU Kinderland Spielwarenhandelsgesellschaft mbH\",\"url\":\"https:\/\/www.rofu.de\/unternehmen\/\",\"logo\":{\"@type\":\"ImageObject\",\"inLanguage\":\"de\",\"@id\":\"https:\/\/www.rofu.de\/unternehmen\/#\/schema\/logo\/image\/\",\"url\":\"https:\/\/www.rofu.de\/unternehmen\/wp-content\/uploads\/2021\/02\/logo.png\",\"contentUrl\":\"https:\/\/www.rofu.de\/unternehmen\/wp-content\/uploads\/2021\/02\/logo.png\",\"width\":1000,\"height\":250,\"caption\":\"ROFU Kinderland Spielwarenhandelsgesellschaft mbH\"},\"image\":{\"@id\":\"https:\/\/www.rofu.de\/unternehmen\/#\/schema\/logo\/image\/\"},\"sameAs\":[\"https:\/\/www.facebook.com\/RofuKinderland\/\",\"https:\/\/www.instagram.com\/rofukinderland\/\"]}]}<\/script>\n<!-- \/ Yoast SEO plugin. -->","yoast_head_json":{"title":"Geschichte - ROFU Kinderland","robots":{"index":"index","follow":"follow","max-snippet":"max-snippet:-1","max-image-preview":"max-image-preview:large","max-video-preview":"max-video-preview:-1"},"canonical":"https:\/\/www.rofu.de\/unternehmen\/ueber-uns\/unternehmensgeschichte\/","og_locale":"de_DE","og_type":"article","og_title":"Geschichte - ROFU Kinderland","og_description":"Geschichte Eberhard Fuchs gr\u00fcndete 1962 im Alter von 18 Jahren die Firma \u201eRobert Fuchs Spielwaren\u201d. Er nannte die Firma nach seinem Vater Robert, da er noch unter 21 Jahren und somit nicht vollj\u00e4hrig war. In den ersten Jahren belieferte Fuchs kleinere L\u00e4den und Schausteller und reiste schon fr\u00fch nach Fernost, um die Waren von dort [&hellip;]","og_url":"https:\/\/www.rofu.de\/unternehmen\/ueber-uns\/unternehmensgeschichte\/","og_site_name":"ROFU Kinderland","article_publisher":"https:\/\/www.facebook.com\/RofuKinderland\/","article_modified_time":"2025-07-09T10:14:24+00:00","og_image":[{"width":642,"height":500,"url":"https:\/\/www.rofu.de\/unternehmen\/wp-content\/uploads\/2021\/02\/ROFU_Filiale.png","type":"image\/png"}],"twitter_card":"summary_large_image","twitter_misc":{"Gesch\u00e4tzte Lesezeit":"4\u00a0Minuten"},"schema":{"@context":"https:\/\/schema.org","@graph":[{"@type":"WebPage","@id":"https:\/\/www.rofu.de\/unternehmen\/ueber-uns\/unternehmensgeschichte\/","url":"https:\/\/www.rofu.de\/unternehmen\/ueber-uns\/unternehmensgeschichte\/","name":"Geschichte - ROFU Kinderland","isPartOf":{"@id":"https:\/\/www.rofu.de\/unternehmen\/#website"},"primaryImageOfPage":{"@id":"https:\/\/www.rofu.de\/unternehmen\/ueber-uns\/unternehmensgeschichte\/#primaryimage"},"image":{"@id":"https:\/\/www.rofu.de\/unternehmen\/ueber-uns\/unternehmensgeschichte\/#primaryimage"},"thumbnailUrl":"https:\/\/www.rofu.de\/unternehmen\/wp-content\/uploads\/2021\/02\/ROFU_Filiale.png","datePublished":"2021-01-29T08:07:45+00:00","dateModified":"2025-07-09T10:14:24+00:00","breadcrumb":{"@id":"https:\/\/www.rofu.de\/unternehmen\/ueber-uns\/unternehmensgeschichte\/#breadcrumb"},"inLanguage":"de","potentialAction":[{"@type":"ReadAction","target":["https:\/\/www.rofu.de\/unternehmen\/ueber-uns\/unternehmensgeschichte\/"]}]},{"@type":"ImageObject","inLanguage":"de","@id":"https:\/\/www.rofu.de\/unternehmen\/ueber-uns\/unternehmensgeschichte\/#primaryimage","url":"https:\/\/www.rofu.de\/unternehmen\/wp-content\/uploads\/2021\/02\/ROFU_Filiale.png","contentUrl":"https:\/\/www.rofu.de\/unternehmen\/wp-content\/uploads\/2021\/02\/ROFU_Filiale.png","width":642,"height":500,"caption":"Geschichte - erste ROFU Filiale"},{"@type":"BreadcrumbList","@id":"https:\/\/www.rofu.de\/unternehmen\/ueber-uns\/unternehmensgeschichte\/#breadcrumb","itemListElement":[{"@type":"ListItem","position":1,"name":"ROFU.de\/unternehmen","item":"https:\/\/www.rofu.de\/unternehmen\/"},{"@type":"ListItem","position":2,"name":"\u00dcber uns","item":"https:\/\/www.rofu.de\/unternehmen\/ueber-uns\/"},{"@type":"ListItem","position":3,"name":"Geschichte"}]},{"@type":"WebSite","@id":"https:\/\/www.rofu.de\/unternehmen\/#website","url":"https:\/\/www.rofu.de\/unternehmen\/","name":"ROFU Kinderland | Unternehmen","description":"ROFU Kinderland Unternehmen","publisher":{"@id":"https:\/\/www.rofu.de\/unternehmen\/#organization"},"potentialAction":[{"@type":"SearchAction","target":{"@type":"EntryPoint","urlTemplate":"https:\/\/www.rofu.de\/unternehmen\/?s={search_term_string}"},"query-input":{"@type":"PropertyValueSpecification","valueRequired":true,"valueName":"search_term_string"}}],"inLanguage":"de"},{"@type":"Organization","@id":"https:\/\/www.rofu.de\/unternehmen\/#organization","name":"ROFU Kinderland Spielwarenhandelsgesellschaft mbH","url":"https:\/\/www.rofu.de\/unternehmen\/","logo":{"@type":"ImageObject","inLanguage":"de","@id":"https:\/\/www.rofu.de\/unternehmen\/#\/schema\/logo\/image\/","url":"https:\/\/www.rofu.de\/unternehmen\/wp-content\/uploads\/2021\/02\/logo.png","contentUrl":"https:\/\/www.rofu.de\/unternehmen\/wp-content\/uploads\/2021\/02\/logo.png","width":1000,"height":250,"caption":"ROFU Kinderland Spielwarenhandelsgesellschaft mbH"},"image":{"@id":"https:\/\/www.rofu.de\/unternehmen\/#\/schema\/logo\/image\/"},"sameAs":["https:\/\/www.facebook.com\/RofuKinderland\/","https:\/\/www.instagram.com\/rofukinderland\/"]}]}},"_links":{"self":[{"href":"https:\/\/www.rofu.de\/unternehmen\/wp-json\/wp\/v2\/pages\/242","targetHints":{"allow":["GET"]}}],"collection":[{"href":"https:\/\/www.rofu.de\/unternehmen\/wp-json\/wp\/v2\/pages"}],"about":[{"href":"https:\/\/www.rofu.de\/unternehmen\/wp-json\/wp\/v2\/types\/page"}],"author":[{"embeddable":true,"href":"https:\/\/www.rofu.de\/unternehmen\/wp-json\/wp\/v2\/users\/1"}],"replies":[{"embeddable":true,"href":"https:\/\/www.rofu.de\/unternehmen\/wp-json\/wp\/v2\/comments?post=242"}],"version-history":[{"count":39,"href":"https:\/\/www.rofu.de\/unternehmen\/wp-json\/wp\/v2\/pages\/242\/revisions"}],"predecessor-version":[{"id":19526,"href":"https:\/\/www.rofu.de\/unternehmen\/wp-json\/wp\/v2\/pages\/242\/revisions\/19526"}],"up":[{"embeddable":true,"href":"https:\/\/www.rofu.de\/unternehmen\/wp-json\/wp\/v2\/pages\/80"}],"wp:attachment":[{"href":"https:\/\/www.rofu.de\/unternehmen\/wp-json\/wp\/v2\/media?parent=242"}],"curies":[{"name":"wp","href":"https:\/\/api.w.org\/{rel}","templated":true}]}}