{"id":252,"date":"2021-01-29T09:12:18","date_gmt":"2021-01-29T08:12:18","guid":{"rendered":"https:\/\/stage.rofu.de\/unternehmen\/?page_id=252"},"modified":"2026-04-15T08:22:23","modified_gmt":"2026-04-15T06:22:23","slug":"gewinnspiele","status":"publish","type":"page","link":"https:\/\/www.rofu.de\/unternehmen\/gewinnspiele\/","title":{"rendered":"Gewinnspiele"},"content":{"rendered":"\t\t<div data-elementor-type=\"wp-page\" data-elementor-id=\"252\" class=\"elementor elementor-252\" data-elementor-post-type=\"page\">\n\t\t\t\t\t\t<section class=\"elementor-section elementor-top-section elementor-element elementor-element-1fac778 elementor-section-boxed elementor-section-height-default elementor-section-height-default\" data-id=\"1fac778\" data-element_type=\"section\" data-e-type=\"section\">\n\t\t\t\t\t\t<div class=\"elementor-container elementor-column-gap-default\">\n\t\t\t\t\t<div class=\"elementor-column elementor-col-100 elementor-top-column elementor-element elementor-element-6b4b1c4\" data-id=\"6b4b1c4\" data-element_type=\"column\" data-e-type=\"column\">\n\t\t\t<div class=\"elementor-widget-wrap elementor-element-populated\">\n\t\t\t\t\t\t<div class=\"elementor-element elementor-element-74d8ae5 elementor-widget elementor-widget-image\" data-id=\"74d8ae5\" data-element_type=\"widget\" data-e-type=\"widget\" data-widget_type=\"image.default\">\n\t\t\t\t<div class=\"elementor-widget-container\">\n\t\t\t\t\t\t\t\t\t\t\t\t\t\t\t<img fetchpriority=\"high\" decoding=\"async\" width=\"1280\" height=\"720\" src=\"https:\/\/www.rofu.de\/unternehmen\/wp-content\/uploads\/2021\/02\/Titelbild-Gewinnspiele.jpg\" class=\"attachment-full size-full wp-image-817\" alt=\"Titelbild Gewinnspiele\" srcset=\"https:\/\/www.rofu.de\/unternehmen\/wp-content\/uploads\/2021\/02\/Titelbild-Gewinnspiele.jpg 1280w, https:\/\/www.rofu.de\/unternehmen\/wp-content\/uploads\/2021\/02\/Titelbild-Gewinnspiele-300x169.jpg 300w, https:\/\/www.rofu.de\/unternehmen\/wp-content\/uploads\/2021\/02\/Titelbild-Gewinnspiele-1024x576.jpg 1024w, https:\/\/www.rofu.de\/unternehmen\/wp-content\/uploads\/2021\/02\/Titelbild-Gewinnspiele-768x432.jpg 768w\" sizes=\"(max-width: 1280px) 100vw, 1280px\" \/>\t\t\t\t\t\t\t\t\t\t\t\t\t\t\t<\/div>\n\t\t\t\t<\/div>\n\t\t\t\t\t<\/div>\n\t\t<\/div>\n\t\t\t\t\t<\/div>\n\t\t<\/section>\n\t\t\t\t<section class=\"elementor-section elementor-top-section elementor-element elementor-element-fe5ad8a elementor-section-boxed elementor-section-height-default elementor-section-height-default\" data-id=\"fe5ad8a\" data-element_type=\"section\" data-e-type=\"section\">\n\t\t\t\t\t\t<div class=\"elementor-container elementor-column-gap-default\">\n\t\t\t\t\t<div class=\"elementor-column elementor-col-100 elementor-top-column elementor-element elementor-element-974b022\" data-id=\"974b022\" data-element_type=\"column\" data-e-type=\"column\">\n\t\t\t<div class=\"elementor-widget-wrap elementor-element-populated\">\n\t\t\t\t\t\t<div class=\"elementor-element elementor-element-5894361 elementor-widget elementor-widget-heading\" data-id=\"5894361\" data-element_type=\"widget\" data-e-type=\"widget\" data-widget_type=\"heading.default\">\n\t\t\t\t<div class=\"elementor-widget-container\">\n\t\t\t\t\t<h2 class=\"elementor-heading-title elementor-size-default\">Gewinne tolle Preise bei ROFU Kinderland<\/h2>\t\t\t\t<\/div>\n\t\t\t\t<\/div>\n\t\t\t\t<div class=\"elementor-element elementor-element-0328140 elementor-widget elementor-widget-text-editor\" data-id=\"0328140\" data-element_type=\"widget\" data-e-type=\"widget\" data-widget_type=\"text-editor.default\">\n\t\t\t\t<div class=\"elementor-widget-container\">\n\t\t\t\t\t\t\t\t\t<p>Hier findest du unsere aktuellen Gewinnspiele und mit etwas Gl\u00fcck bist Du der n\u00e4chste Gewinner. In Kooperation mit unseren Industriepartnern verlosen wir attraktive und au\u00dfergew\u00f6hnliche Preise an dich! Ob ein Familienausflug, eine ganze Reise, Tickets f\u00fcr eine besondere Veranstaltung, Fanpakete mit tollen Produkten oder Gutscheine &#8211; bei unseren Gewinnspielen kannst du dich \u00fcber tolle Gewinne freuen. Die Teilnahme am Gewinnspiel ist kostenlos und bedarf keiner Anmeldung.<\/p>\t\t\t\t\t\t\t\t<\/div>\n\t\t\t\t<\/div>\n\t\t\t\t\t<\/div>\n\t\t<\/div>\n\t\t\t\t\t<\/div>\n\t\t<\/section>\n\t\t\t\t<section class=\"elementor-section elementor-top-section elementor-element elementor-element-29613b0 elementor-hidden-desktop elementor-hidden-tablet elementor-hidden-mobile elementor-section-boxed elementor-section-height-default elementor-section-height-default\" data-id=\"29613b0\" data-element_type=\"section\" data-e-type=\"section\">\n\t\t\t\t\t\t<div class=\"elementor-container elementor-column-gap-default\">\n\t\t\t\t\t<div class=\"elementor-column elementor-col-100 elementor-top-column elementor-element elementor-element-4b09159\" data-id=\"4b09159\" data-element_type=\"column\" data-e-type=\"column\">\n\t\t\t<div class=\"elementor-widget-wrap elementor-element-populated\">\n\t\t\t\t\t\t<div class=\"elementor-element elementor-element-9561084 elementor-widget elementor-widget-heading\" data-id=\"9561084\" data-element_type=\"widget\" data-e-type=\"widget\" data-widget_type=\"heading.default\">\n\t\t\t\t<div class=\"elementor-widget-container\">\n\t\t\t\t\t<h2 class=\"elementor-heading-title elementor-size-default\">Zurzeit gibt es keine Gewinnspiele<\/h2>\t\t\t\t<\/div>\n\t\t\t\t<\/div>\n\t\t\t\t\t<\/div>\n\t\t<\/div>\n\t\t\t\t\t<\/div>\n\t\t<\/section>\n\t\t\t\t<section class=\"elementor-section elementor-top-section elementor-element elementor-element-b343b02 elementor-section-boxed elementor-section-height-default elementor-section-height-default\" data-id=\"b343b02\" data-element_type=\"section\" data-e-type=\"section\">\n\t\t\t\t\t\t<div class=\"elementor-container elementor-column-gap-default\">\n\t\t\t\t\t<div class=\"elementor-column elementor-col-50 elementor-top-column elementor-element elementor-element-d262e1c\" data-id=\"d262e1c\" data-element_type=\"column\" data-e-type=\"column\">\n\t\t\t<div class=\"elementor-widget-wrap elementor-element-populated\">\n\t\t\t\t\t\t<div class=\"elementor-element elementor-element-e26ebed elementor-widget elementor-widget-image\" data-id=\"e26ebed\" data-element_type=\"widget\" data-e-type=\"widget\" data-widget_type=\"image.default\">\n\t\t\t\t<div class=\"elementor-widget-container\">\n\t\t\t\t\t\t\t\t\t\t\t\t\t\t\t\t<a href=\"https:\/\/www.rofu.de\/unternehmen\/gewinnspiele\/freizeitparks\/\">\n\t\t\t\t\t\t\t<img decoding=\"async\" width=\"1200\" height=\"500\" src=\"https:\/\/www.rofu.de\/unternehmen\/wp-content\/uploads\/2026\/04\/Legoland_und_Peppa_Park_gwsp_header.jpg\" class=\"attachment-large size-large wp-image-20803\" alt=\"LEGOLAND Peppa gwsp 2026\" srcset=\"https:\/\/www.rofu.de\/unternehmen\/wp-content\/uploads\/2026\/04\/Legoland_und_Peppa_Park_gwsp_header.jpg 1200w, https:\/\/www.rofu.de\/unternehmen\/wp-content\/uploads\/2026\/04\/Legoland_und_Peppa_Park_gwsp_header-300x125.jpg 300w, https:\/\/www.rofu.de\/unternehmen\/wp-content\/uploads\/2026\/04\/Legoland_und_Peppa_Park_gwsp_header-768x320.jpg 768w\" sizes=\"(max-width: 1200px) 100vw, 1200px\" \/>\t\t\t\t\t\t\t\t<\/a>\n\t\t\t\t\t\t\t\t\t\t\t\t\t\t\t<\/div>\n\t\t\t\t<\/div>\n\t\t\t\t\t<\/div>\n\t\t<\/div>\n\t\t\t\t<div class=\"elementor-column elementor-col-50 elementor-top-column elementor-element elementor-element-a742b92\" data-id=\"a742b92\" data-element_type=\"column\" data-e-type=\"column\">\n\t\t\t<div class=\"elementor-widget-wrap\">\n\t\t\t\t\t\t\t<\/div>\n\t\t<\/div>\n\t\t\t\t\t<\/div>\n\t\t<\/section>\n\t\t\t\t<section class=\"elementor-section elementor-top-section elementor-element elementor-element-990dcdf elementor-section-boxed elementor-section-height-default elementor-section-height-default\" data-id=\"990dcdf\" data-element_type=\"section\" data-e-type=\"section\">\n\t\t\t\t\t\t<div class=\"elementor-container elementor-column-gap-default\">\n\t\t\t\t\t<div class=\"elementor-column elementor-col-100 elementor-top-column elementor-element elementor-element-0ffcf3b\" data-id=\"0ffcf3b\" data-element_type=\"column\" data-e-type=\"column\">\n\t\t\t<div class=\"elementor-widget-wrap elementor-element-populated\">\n\t\t\t\t\t\t<div class=\"elementor-element elementor-element-683f874 elementor-widget elementor-widget-text-editor\" data-id=\"683f874\" data-element_type=\"widget\" data-e-type=\"widget\" data-widget_type=\"text-editor.default\">\n\t\t\t\t<div class=\"elementor-widget-container\">\n\t\t\t\t\t\t\t\t\t<p>Du willst kein Gewinnspiel von ROFU mehr verpassen? Dann werde ganz einfach Teil unserer Community und folg uns auf Facebook, Instagram &amp; Pinterest, abonnier unseren Newsletter oder lade dir die ROFU App auf dein Smartphone.<\/p>\t\t\t\t\t\t\t\t<\/div>\n\t\t\t\t<\/div>\n\t\t\t\t\t<\/div>\n\t\t<\/div>\n\t\t\t\t\t<\/div>\n\t\t<\/section>\n\t\t\t\t<section class=\"elementor-section elementor-top-section elementor-element elementor-element-2af87c3 elementor-section-boxed elementor-section-height-default elementor-section-height-default\" data-id=\"2af87c3\" data-element_type=\"section\" data-e-type=\"section\">\n\t\t\t\t\t\t<div class=\"elementor-container elementor-column-gap-default\">\n\t\t\t\t\t<div class=\"elementor-column elementor-col-100 elementor-top-column elementor-element elementor-element-ea171a0\" data-id=\"ea171a0\" data-element_type=\"column\" data-e-type=\"column\">\n\t\t\t<div class=\"elementor-widget-wrap elementor-element-populated\">\n\t\t\t\t\t\t<div class=\"elementor-element elementor-element-cfe89b1 elementor-widget elementor-widget-text-editor\" data-id=\"cfe89b1\" data-element_type=\"widget\" data-e-type=\"widget\" data-widget_type=\"text-editor.default\">\n\t\t\t\t<div class=\"elementor-widget-container\">\n\t\t\t\t\t\t\t\t\t<p>F\u00fcr alle Gewinnspiele, die durch ROFU oder Partner von ROFU durchgef\u00fchrt werden, gelten die allgemeinen <span style=\"text-decoration: underline\"><a href=\"https:\/\/www.rofu.de\/unternehmen\/teilnahmebedingungen\/\">Teilnahmebedingungen<\/a><\/span> f\u00fcr Gewinnspiele.<\/p>\t\t\t\t\t\t\t\t<\/div>\n\t\t\t\t<\/div>\n\t\t\t\t\t<\/div>\n\t\t<\/div>\n\t\t\t\t\t<\/div>\n\t\t<\/section>\n\t\t\t\t<section class=\"elementor-section elementor-top-section elementor-element elementor-element-5ad6373 elementor-hidden-mobile elementor-section-boxed elementor-section-height-default elementor-section-height-default\" data-id=\"5ad6373\" data-element_type=\"section\" data-e-type=\"section\">\n\t\t\t\t\t\t<div class=\"elementor-container elementor-column-gap-default\">\n\t\t\t\t\t<div class=\"elementor-column elementor-col-100 elementor-top-column elementor-element elementor-element-f0d3f66\" data-id=\"f0d3f66\" data-element_type=\"column\" data-e-type=\"column\">\n\t\t\t<div class=\"elementor-widget-wrap elementor-element-populated\">\n\t\t\t\t\t\t<div class=\"elementor-element elementor-element-3cc9c8d elementor-widget elementor-widget-heading\" data-id=\"3cc9c8d\" data-element_type=\"widget\" data-e-type=\"widget\" data-widget_type=\"heading.default\">\n\t\t\t\t<div class=\"elementor-widget-container\">\n\t\t\t\t\t<h2 class=\"elementor-heading-title elementor-size-default\">ROFU Kinderland w\u00fcnscht allen Teilnehmern viel Gl\u00fcck!<\/h2>\t\t\t\t<\/div>\n\t\t\t\t<\/div>\n\t\t\t\t\t<\/div>\n\t\t<\/div>\n\t\t\t\t\t<\/div>\n\t\t<\/section>\n\t\t\t\t<\/div>\n\t\t","protected":false},"excerpt":{"rendered":"<p>Gewinne tolle Preise bei ROFU Kinderland Hier findest du unsere aktuellen Gewinnspiele und mit etwas Gl\u00fcck bist Du der n\u00e4chste Gewinner. In Kooperation mit unseren Industriepartnern verlosen wir attraktive und au\u00dfergew\u00f6hnliche Preise an dich! Ob ein Familienausflug, eine ganze Reise, Tickets f\u00fcr eine besondere Veranstaltung, Fanpakete mit tollen Produkten oder Gutscheine &#8211; bei unseren Gewinnspielen [&hellip;]<\/p>\n","protected":false},"author":1,"featured_media":0,"parent":0,"menu_order":0,"comment_status":"closed","ping_status":"closed","template":"","meta":{"footnotes":""},"class_list":["post-252","page","type-page","status-publish","hentry","entry"],"yoast_head":"<!-- This site is optimized with the Yoast SEO plugin v27.0 - https:\/\/yoast.com\/product\/yoast-seo-wordpress\/ -->\n<title>Gewinnspiele - ROFU Kinderland<\/title>\n<meta name=\"robots\" content=\"index, follow, max-snippet:-1, max-image-preview:large, max-video-preview:-1\" \/>\n<link rel=\"canonical\" href=\"https:\/\/www.rofu.de\/unternehmen\/gewinnspiele\/\" \/>\n<meta property=\"og:locale\" content=\"de_DE\" \/>\n<meta property=\"og:type\" content=\"article\" \/>\n<meta property=\"og:title\" content=\"Gewinnspiele - ROFU Kinderland\" \/>\n<meta property=\"og:description\" content=\"Gewinne tolle Preise bei ROFU Kinderland Hier findest du unsere aktuellen Gewinnspiele und mit etwas Gl\u00fcck bist Du der n\u00e4chste Gewinner. In Kooperation mit unseren Industriepartnern verlosen wir attraktive und au\u00dfergew\u00f6hnliche Preise an dich! Ob ein Familienausflug, eine ganze Reise, Tickets f\u00fcr eine besondere Veranstaltung, Fanpakete mit tollen Produkten oder Gutscheine &#8211; bei unseren Gewinnspielen [&hellip;]\" \/>\n<meta property=\"og:url\" content=\"https:\/\/www.rofu.de\/unternehmen\/gewinnspiele\/\" \/>\n<meta property=\"og:site_name\" content=\"ROFU Kinderland\" \/>\n<meta property=\"article:publisher\" content=\"https:\/\/www.facebook.com\/RofuKinderland\/\" \/>\n<meta property=\"article:modified_time\" content=\"2026-04-15T06:22:23+00:00\" \/>\n<meta property=\"og:image\" content=\"https:\/\/www.rofu.de\/unternehmen\/wp-content\/uploads\/2021\/02\/Titelbild-Gewinnspiele.jpg\" \/>\n\t<meta property=\"og:image:width\" content=\"1280\" \/>\n\t<meta property=\"og:image:height\" content=\"720\" \/>\n\t<meta property=\"og:image:type\" content=\"image\/jpeg\" \/>\n<meta name=\"twitter:card\" content=\"summary_large_image\" \/>\n<meta name=\"twitter:label1\" content=\"Gesch\u00e4tzte Lesezeit\" \/>\n\t<meta name=\"twitter:data1\" content=\"2\u00a0Minuten\" \/>\n<script type=\"application\/ld+json\" class=\"yoast-schema-graph\">{\"@context\":\"https:\/\/schema.org\",\"@graph\":[{\"@type\":\"WebPage\",\"@id\":\"https:\/\/www.rofu.de\/unternehmen\/gewinnspiele\/\",\"url\":\"https:\/\/www.rofu.de\/unternehmen\/gewinnspiele\/\",\"name\":\"Gewinnspiele - ROFU Kinderland\",\"isPartOf\":{\"@id\":\"https:\/\/www.rofu.de\/unternehmen\/#website\"},\"primaryImageOfPage\":{\"@id\":\"https:\/\/www.rofu.de\/unternehmen\/gewinnspiele\/#primaryimage\"},\"image\":{\"@id\":\"https:\/\/www.rofu.de\/unternehmen\/gewinnspiele\/#primaryimage\"},\"thumbnailUrl\":\"https:\/\/www.rofu.de\/unternehmen\/wp-content\/uploads\/2021\/02\/Titelbild-Gewinnspiele.jpg\",\"datePublished\":\"2021-01-29T08:12:18+00:00\",\"dateModified\":\"2026-04-15T06:22:23+00:00\",\"breadcrumb\":{\"@id\":\"https:\/\/www.rofu.de\/unternehmen\/gewinnspiele\/#breadcrumb\"},\"inLanguage\":\"de\",\"potentialAction\":[{\"@type\":\"ReadAction\",\"target\":[\"https:\/\/www.rofu.de\/unternehmen\/gewinnspiele\/\"]}]},{\"@type\":\"ImageObject\",\"inLanguage\":\"de\",\"@id\":\"https:\/\/www.rofu.de\/unternehmen\/gewinnspiele\/#primaryimage\",\"url\":\"https:\/\/www.rofu.de\/unternehmen\/wp-content\/uploads\/2021\/02\/Titelbild-Gewinnspiele.jpg\",\"contentUrl\":\"https:\/\/www.rofu.de\/unternehmen\/wp-content\/uploads\/2021\/02\/Titelbild-Gewinnspiele.jpg\",\"width\":1280,\"height\":720,\"caption\":\"Titelbild Gewinnspiele\"},{\"@type\":\"BreadcrumbList\",\"@id\":\"https:\/\/www.rofu.de\/unternehmen\/gewinnspiele\/#breadcrumb\",\"itemListElement\":[{\"@type\":\"ListItem\",\"position\":1,\"name\":\"ROFU.de\/unternehmen\",\"item\":\"https:\/\/www.rofu.de\/unternehmen\/\"},{\"@type\":\"ListItem\",\"position\":2,\"name\":\"Gewinnspiele\"}]},{\"@type\":\"WebSite\",\"@id\":\"https:\/\/www.rofu.de\/unternehmen\/#website\",\"url\":\"https:\/\/www.rofu.de\/unternehmen\/\",\"name\":\"ROFU Kinderland | Unternehmen\",\"description\":\"ROFU Kinderland Unternehmen\",\"publisher\":{\"@id\":\"https:\/\/www.rofu.de\/unternehmen\/#organization\"},\"potentialAction\":[{\"@type\":\"SearchAction\",\"target\":{\"@type\":\"EntryPoint\",\"urlTemplate\":\"https:\/\/www.rofu.de\/unternehmen\/?s={search_term_string}\"},\"query-input\":{\"@type\":\"PropertyValueSpecification\",\"valueRequired\":true,\"valueName\":\"search_term_string\"}}],\"inLanguage\":\"de\"},{\"@type\":\"Organization\",\"@id\":\"https:\/\/www.rofu.de\/unternehmen\/#organization\",\"name\":\"ROFU Kinderland Spielwarenhandelsgesellschaft mbH\",\"url\":\"https:\/\/www.rofu.de\/unternehmen\/\",\"logo\":{\"@type\":\"ImageObject\",\"inLanguage\":\"de\",\"@id\":\"https:\/\/www.rofu.de\/unternehmen\/#\/schema\/logo\/image\/\",\"url\":\"https:\/\/www.rofu.de\/unternehmen\/wp-content\/uploads\/2021\/02\/logo.png\",\"contentUrl\":\"https:\/\/www.rofu.de\/unternehmen\/wp-content\/uploads\/2021\/02\/logo.png\",\"width\":1000,\"height\":250,\"caption\":\"ROFU Kinderland Spielwarenhandelsgesellschaft mbH\"},\"image\":{\"@id\":\"https:\/\/www.rofu.de\/unternehmen\/#\/schema\/logo\/image\/\"},\"sameAs\":[\"https:\/\/www.facebook.com\/RofuKinderland\/\",\"https:\/\/www.instagram.com\/rofukinderland\/\"]}]}<\/script>\n<!-- \/ Yoast SEO plugin. -->","yoast_head_json":{"title":"Gewinnspiele - ROFU Kinderland","robots":{"index":"index","follow":"follow","max-snippet":"max-snippet:-1","max-image-preview":"max-image-preview:large","max-video-preview":"max-video-preview:-1"},"canonical":"https:\/\/www.rofu.de\/unternehmen\/gewinnspiele\/","og_locale":"de_DE","og_type":"article","og_title":"Gewinnspiele - ROFU Kinderland","og_description":"Gewinne tolle Preise bei ROFU Kinderland Hier findest du unsere aktuellen Gewinnspiele und mit etwas Gl\u00fcck bist Du der n\u00e4chste Gewinner. In Kooperation mit unseren Industriepartnern verlosen wir attraktive und au\u00dfergew\u00f6hnliche Preise an dich! Ob ein Familienausflug, eine ganze Reise, Tickets f\u00fcr eine besondere Veranstaltung, Fanpakete mit tollen Produkten oder Gutscheine &#8211; bei unseren Gewinnspielen [&hellip;]","og_url":"https:\/\/www.rofu.de\/unternehmen\/gewinnspiele\/","og_site_name":"ROFU Kinderland","article_publisher":"https:\/\/www.facebook.com\/RofuKinderland\/","article_modified_time":"2026-04-15T06:22:23+00:00","og_image":[{"width":1280,"height":720,"url":"https:\/\/www.rofu.de\/unternehmen\/wp-content\/uploads\/2021\/02\/Titelbild-Gewinnspiele.jpg","type":"image\/jpeg"}],"twitter_card":"summary_large_image","twitter_misc":{"Gesch\u00e4tzte Lesezeit":"2\u00a0Minuten"},"schema":{"@context":"https:\/\/schema.org","@graph":[{"@type":"WebPage","@id":"https:\/\/www.rofu.de\/unternehmen\/gewinnspiele\/","url":"https:\/\/www.rofu.de\/unternehmen\/gewinnspiele\/","name":"Gewinnspiele - ROFU Kinderland","isPartOf":{"@id":"https:\/\/www.rofu.de\/unternehmen\/#website"},"primaryImageOfPage":{"@id":"https:\/\/www.rofu.de\/unternehmen\/gewinnspiele\/#primaryimage"},"image":{"@id":"https:\/\/www.rofu.de\/unternehmen\/gewinnspiele\/#primaryimage"},"thumbnailUrl":"https:\/\/www.rofu.de\/unternehmen\/wp-content\/uploads\/2021\/02\/Titelbild-Gewinnspiele.jpg","datePublished":"2021-01-29T08:12:18+00:00","dateModified":"2026-04-15T06:22:23+00:00","breadcrumb":{"@id":"https:\/\/www.rofu.de\/unternehmen\/gewinnspiele\/#breadcrumb"},"inLanguage":"de","potentialAction":[{"@type":"ReadAction","target":["https:\/\/www.rofu.de\/unternehmen\/gewinnspiele\/"]}]},{"@type":"ImageObject","inLanguage":"de","@id":"https:\/\/www.rofu.de\/unternehmen\/gewinnspiele\/#primaryimage","url":"https:\/\/www.rofu.de\/unternehmen\/wp-content\/uploads\/2021\/02\/Titelbild-Gewinnspiele.jpg","contentUrl":"https:\/\/www.rofu.de\/unternehmen\/wp-content\/uploads\/2021\/02\/Titelbild-Gewinnspiele.jpg","width":1280,"height":720,"caption":"Titelbild Gewinnspiele"},{"@type":"BreadcrumbList","@id":"https:\/\/www.rofu.de\/unternehmen\/gewinnspiele\/#breadcrumb","itemListElement":[{"@type":"ListItem","position":1,"name":"ROFU.de\/unternehmen","item":"https:\/\/www.rofu.de\/unternehmen\/"},{"@type":"ListItem","position":2,"name":"Gewinnspiele"}]},{"@type":"WebSite","@id":"https:\/\/www.rofu.de\/unternehmen\/#website","url":"https:\/\/www.rofu.de\/unternehmen\/","name":"ROFU Kinderland | Unternehmen","description":"ROFU Kinderland Unternehmen","publisher":{"@id":"https:\/\/www.rofu.de\/unternehmen\/#organization"},"potentialAction":[{"@type":"SearchAction","target":{"@type":"EntryPoint","urlTemplate":"https:\/\/www.rofu.de\/unternehmen\/?s={search_term_string}"},"query-input":{"@type":"PropertyValueSpecification","valueRequired":true,"valueName":"search_term_string"}}],"inLanguage":"de"},{"@type":"Organization","@id":"https:\/\/www.rofu.de\/unternehmen\/#organization","name":"ROFU Kinderland Spielwarenhandelsgesellschaft mbH","url":"https:\/\/www.rofu.de\/unternehmen\/","logo":{"@type":"ImageObject","inLanguage":"de","@id":"https:\/\/www.rofu.de\/unternehmen\/#\/schema\/logo\/image\/","url":"https:\/\/www.rofu.de\/unternehmen\/wp-content\/uploads\/2021\/02\/logo.png","contentUrl":"https:\/\/www.rofu.de\/unternehmen\/wp-content\/uploads\/2021\/02\/logo.png","width":1000,"height":250,"caption":"ROFU Kinderland Spielwarenhandelsgesellschaft mbH"},"image":{"@id":"https:\/\/www.rofu.de\/unternehmen\/#\/schema\/logo\/image\/"},"sameAs":["https:\/\/www.facebook.com\/RofuKinderland\/","https:\/\/www.instagram.com\/rofukinderland\/"]}]}},"_links":{"self":[{"href":"https:\/\/www.rofu.de\/unternehmen\/wp-json\/wp\/v2\/pages\/252","targetHints":{"allow":["GET"]}}],"collection":[{"href":"https:\/\/www.rofu.de\/unternehmen\/wp-json\/wp\/v2\/pages"}],"about":[{"href":"https:\/\/www.rofu.de\/unternehmen\/wp-json\/wp\/v2\/types\/page"}],"author":[{"embeddable":true,"href":"https:\/\/www.rofu.de\/unternehmen\/wp-json\/wp\/v2\/users\/1"}],"replies":[{"embeddable":true,"href":"https:\/\/www.rofu.de\/unternehmen\/wp-json\/wp\/v2\/comments?post=252"}],"version-history":[{"count":598,"href":"https:\/\/www.rofu.de\/unternehmen\/wp-json\/wp\/v2\/pages\/252\/revisions"}],"predecessor-version":[{"id":20812,"href":"https:\/\/www.rofu.de\/unternehmen\/wp-json\/wp\/v2\/pages\/252\/revisions\/20812"}],"wp:attachment":[{"href":"https:\/\/www.rofu.de\/unternehmen\/wp-json\/wp\/v2\/media?parent=252"}],"curies":[{"name":"wp","href":"https:\/\/api.w.org\/{rel}","templated":true}]}}