{"id":258,"date":"2021-01-29T09:13:38","date_gmt":"2021-01-29T08:13:38","guid":{"rendered":"https:\/\/stage.rofu.de\/unternehmen\/?page_id=258"},"modified":"2025-04-16T15:50:19","modified_gmt":"2025-04-16T13:50:19","slug":"events-aktionen","status":"publish","type":"page","link":"https:\/\/www.rofu.de\/unternehmen\/events-aktionen\/","title":{"rendered":"Events &amp; Aktionen"},"content":{"rendered":"\t\t<div data-elementor-type=\"wp-page\" data-elementor-id=\"258\" class=\"elementor elementor-258\" data-elementor-post-type=\"page\">\n\t\t\t\t\t\t<section class=\"elementor-section elementor-top-section elementor-element elementor-element-6f4d7f3 elementor-section-boxed elementor-section-height-default elementor-section-height-default\" data-id=\"6f4d7f3\" data-element_type=\"section\" data-e-type=\"section\">\n\t\t\t\t\t\t<div class=\"elementor-container elementor-column-gap-default\">\n\t\t\t\t\t<div class=\"elementor-column elementor-col-100 elementor-top-column elementor-element elementor-element-6eced7d\" data-id=\"6eced7d\" data-element_type=\"column\" data-e-type=\"column\">\n\t\t\t<div class=\"elementor-widget-wrap elementor-element-populated\">\n\t\t\t\t\t\t<div class=\"elementor-element elementor-element-ed21abe elementor-widget elementor-widget-heading\" data-id=\"ed21abe\" data-element_type=\"widget\" data-e-type=\"widget\" data-widget_type=\"heading.default\">\n\t\t\t\t<div class=\"elementor-widget-container\">\n\t\t\t\t\t<h2 class=\"elementor-heading-title elementor-size-default\">Events und Aktionen bei ROFU Kinderland<\/h2>\t\t\t\t<\/div>\n\t\t\t\t<\/div>\n\t\t\t\t<div class=\"elementor-element elementor-element-1cf06af elementor-widget elementor-widget-text-editor\" data-id=\"1cf06af\" data-element_type=\"widget\" data-e-type=\"widget\" data-widget_type=\"text-editor.default\">\n\t\t\t\t<div class=\"elementor-widget-container\">\n\t\t\t\t\t\t\t\t\t<p>Wir versorgen dich hier mit allen wichtigen Informationen \u00fcber unsere Aktionen und Events. Zahlreiche Rabattaktionen, tolle Partnerprogramme und mehr erwarten dich. Alle Termine zu unseren Events in deiner ROFU Filiale findest du auf einen Blick. So verpasst du garantiert keinen unserer besonderen Shopping Tage. <\/p>\t\t\t\t\t\t\t\t<\/div>\n\t\t\t\t<\/div>\n\t\t\t\t\t<\/div>\n\t\t<\/div>\n\t\t\t\t\t<\/div>\n\t\t<\/section>\n\t\t\t\t<section class=\"elementor-section elementor-top-section elementor-element elementor-element-2069af7 elementor-section-boxed elementor-section-height-default elementor-section-height-default\" data-id=\"2069af7\" data-element_type=\"section\" data-e-type=\"section\">\n\t\t\t\t\t\t<div class=\"elementor-container elementor-column-gap-default\">\n\t\t\t\t\t<div class=\"elementor-column elementor-col-50 elementor-top-column elementor-element elementor-element-4a04fda\" data-id=\"4a04fda\" data-element_type=\"column\" data-e-type=\"column\">\n\t\t\t<div class=\"elementor-widget-wrap elementor-element-populated\">\n\t\t\t\t\t\t<div class=\"elementor-element elementor-element-3a5752b elementor-widget elementor-widget-heading\" data-id=\"3a5752b\" data-element_type=\"widget\" data-e-type=\"widget\" data-widget_type=\"heading.default\">\n\t\t\t\t<div class=\"elementor-widget-container\">\n\t\t\t\t\t<h2 class=\"elementor-heading-title elementor-size-default\">Rofulino &amp; Freunde auf Tour<\/h2>\t\t\t\t<\/div>\n\t\t\t\t<\/div>\n\t\t\t\t<div class=\"elementor-element elementor-element-02fdf02 elementor-widget elementor-widget-text-editor\" data-id=\"02fdf02\" data-element_type=\"widget\" data-e-type=\"widget\" data-widget_type=\"text-editor.default\">\n\t\t\t\t<div class=\"elementor-widget-container\">\n\t\t\t\t\t\t\t\t\t<p>Von Mai bis September besucht Rofulino gemeinsam mit seinen Freunden ausgew\u00e4hlte Filialen quer im S\u00fcdwesten Deutschlands. An den Aktionstagen kannst du dich auf ein buntes Veranstaltungsprogramm f\u00fcr Klein &amp; Gro\u00df freuen.<\/p>\t\t\t\t\t\t\t\t<\/div>\n\t\t\t\t<\/div>\n\t\t\t\t<div class=\"elementor-element elementor-element-8437524 elementor-widget elementor-widget-image\" data-id=\"8437524\" data-element_type=\"widget\" data-e-type=\"widget\" data-widget_type=\"image.default\">\n\t\t\t\t<div class=\"elementor-widget-container\">\n\t\t\t\t\t\t\t\t\t\t\t\t\t\t\t\t<a href=\"https:\/\/www.rofu.de\/unternehmen\/rofulino-und-freunde-tour\/\">\n\t\t\t\t\t\t\t<img fetchpriority=\"high\" decoding=\"async\" width=\"1200\" height=\"700\" src=\"https:\/\/www.rofu.de\/unternehmen\/wp-content\/uploads\/2025\/04\/rofulino_tour_2025_events.jpg\" class=\"attachment-full size-full wp-image-18936\" alt=\"Rofulino und Freunde Tour 2025\" srcset=\"https:\/\/www.rofu.de\/unternehmen\/wp-content\/uploads\/2025\/04\/rofulino_tour_2025_events.jpg 1200w, https:\/\/www.rofu.de\/unternehmen\/wp-content\/uploads\/2025\/04\/rofulino_tour_2025_events-300x175.jpg 300w, https:\/\/www.rofu.de\/unternehmen\/wp-content\/uploads\/2025\/04\/rofulino_tour_2025_events-768x448.jpg 768w, https:\/\/www.rofu.de\/unternehmen\/wp-content\/uploads\/2025\/04\/rofulino_tour_2025_events-18x12.jpg 18w\" sizes=\"(max-width: 1200px) 100vw, 1200px\" \/>\t\t\t\t\t\t\t\t<\/a>\n\t\t\t\t\t\t\t\t\t\t\t\t\t\t\t<\/div>\n\t\t\t\t<\/div>\n\t\t\t\t<div class=\"elementor-element elementor-element-b14bf6d elementor-align-center elementor-widget elementor-widget-button\" data-id=\"b14bf6d\" data-element_type=\"widget\" data-e-type=\"widget\" data-widget_type=\"button.default\">\n\t\t\t\t<div class=\"elementor-widget-container\">\n\t\t\t\t\t\t\t\t\t<div class=\"elementor-button-wrapper\">\n\t\t\t\t\t<a class=\"elementor-button elementor-button-link elementor-size-sm\" href=\"https:\/\/www.rofu.de\/unternehmen\/rofulino-und-freunde-tour\/\">\n\t\t\t\t\t\t<span class=\"elementor-button-content-wrapper\">\n\t\t\t\t\t\t<span class=\"elementor-button-icon\">\n\t\t\t\t<i aria-hidden=\"true\" class=\"fas fa-angle-double-right\"><\/i>\t\t\t<\/span>\n\t\t\t\t\t\t\t\t\t<span class=\"elementor-button-text\">Mehr erfahren<\/span>\n\t\t\t\t\t<\/span>\n\t\t\t\t\t<\/a>\n\t\t\t\t<\/div>\n\t\t\t\t\t\t\t\t<\/div>\n\t\t\t\t<\/div>\n\t\t\t\t\t<\/div>\n\t\t<\/div>\n\t\t\t\t<div class=\"elementor-column elementor-col-50 elementor-top-column elementor-element elementor-element-e39ea62\" data-id=\"e39ea62\" data-element_type=\"column\" data-e-type=\"column\">\n\t\t\t<div class=\"elementor-widget-wrap elementor-element-populated\">\n\t\t\t\t\t\t<div class=\"elementor-element elementor-element-74aab79 elementor-widget elementor-widget-heading\" data-id=\"74aab79\" data-element_type=\"widget\" data-e-type=\"widget\" data-widget_type=\"heading.default\">\n\t\t\t\t<div class=\"elementor-widget-container\">\n\t\t\t\t\t<h2 class=\"elementor-heading-title elementor-size-default\">Events<\/h2>\t\t\t\t<\/div>\n\t\t\t\t<\/div>\n\t\t\t\t<div class=\"elementor-element elementor-element-30907ff elementor-widget elementor-widget-text-editor\" data-id=\"30907ff\" data-element_type=\"widget\" data-e-type=\"widget\" data-widget_type=\"text-editor.default\">\n\t\t\t\t<div class=\"elementor-widget-container\">\n\t\t\t\t\t\t\t\t\t<p>Unsere Filialevents, wie z. B. verkaufsoffene Sonntage, Jubil\u00e4umswochen und vieles mehr, sorgen mit zahlreichen Angeboten und Rabattaktionen f\u00fcr ein echtes Einkaufserlebnis.<\/p>\t\t\t\t\t\t\t\t<\/div>\n\t\t\t\t<\/div>\n\t\t\t\t<div class=\"elementor-element elementor-element-7e80000 elementor-widget elementor-widget-image\" data-id=\"7e80000\" data-element_type=\"widget\" data-e-type=\"widget\" data-widget_type=\"image.default\">\n\t\t\t\t<div class=\"elementor-widget-container\">\n\t\t\t\t\t\t\t\t\t\t\t\t\t\t\t\t<a href=\"https:\/\/www.rofu.de\/unternehmen\/events-aktionen\/verkaufsoffene-sonntage\/\">\n\t\t\t\t\t\t\t<img decoding=\"async\" width=\"1200\" height=\"700\" src=\"https:\/\/www.rofu.de\/unternehmen\/wp-content\/uploads\/2024\/01\/events-banner.jpg\" class=\"attachment-large size-large wp-image-15135\" alt=\"Events in deinem ROFU Kinderland\" srcset=\"https:\/\/www.rofu.de\/unternehmen\/wp-content\/uploads\/2024\/01\/events-banner.jpg 1200w, https:\/\/www.rofu.de\/unternehmen\/wp-content\/uploads\/2024\/01\/events-banner-300x175.jpg 300w, https:\/\/www.rofu.de\/unternehmen\/wp-content\/uploads\/2024\/01\/events-banner-768x448.jpg 768w, https:\/\/www.rofu.de\/unternehmen\/wp-content\/uploads\/2024\/01\/events-banner-18x12.jpg 18w\" sizes=\"(max-width: 1200px) 100vw, 1200px\" \/>\t\t\t\t\t\t\t\t<\/a>\n\t\t\t\t\t\t\t\t\t\t\t\t\t\t\t<\/div>\n\t\t\t\t<\/div>\n\t\t\t\t<div class=\"elementor-element elementor-element-a14cf57 elementor-align-center elementor-widget elementor-widget-button\" data-id=\"a14cf57\" data-element_type=\"widget\" data-e-type=\"widget\" data-widget_type=\"button.default\">\n\t\t\t\t<div class=\"elementor-widget-container\">\n\t\t\t\t\t\t\t\t\t<div class=\"elementor-button-wrapper\">\n\t\t\t\t\t<a class=\"elementor-button elementor-button-link elementor-size-sm\" href=\"https:\/\/www.rofu.de\/unternehmen\/events-aktionen\/verkaufsoffene-sonntage\/\">\n\t\t\t\t\t\t<span class=\"elementor-button-content-wrapper\">\n\t\t\t\t\t\t<span class=\"elementor-button-icon\">\n\t\t\t\t<i aria-hidden=\"true\" class=\"fas fa-angle-double-right\"><\/i>\t\t\t<\/span>\n\t\t\t\t\t\t\t\t\t<span class=\"elementor-button-text\">Mehr erfahren<\/span>\n\t\t\t\t\t<\/span>\n\t\t\t\t\t<\/a>\n\t\t\t\t<\/div>\n\t\t\t\t\t\t\t\t<\/div>\n\t\t\t\t<\/div>\n\t\t\t\t\t<\/div>\n\t\t<\/div>\n\t\t\t\t\t<\/div>\n\t\t<\/section>\n\t\t\t\t<section class=\"elementor-section elementor-top-section elementor-element elementor-element-021c6ba elementor-section-boxed elementor-section-height-default elementor-section-height-default\" data-id=\"021c6ba\" data-element_type=\"section\" data-e-type=\"section\">\n\t\t\t\t\t\t<div class=\"elementor-container elementor-column-gap-default\">\n\t\t\t\t\t<div class=\"elementor-column elementor-col-50 elementor-top-column elementor-element elementor-element-13c20ff\" data-id=\"13c20ff\" data-element_type=\"column\" data-e-type=\"column\">\n\t\t\t<div class=\"elementor-widget-wrap elementor-element-populated\">\n\t\t\t\t\t\t<div class=\"elementor-element elementor-element-d8288a7 elementor-widget elementor-widget-heading\" data-id=\"d8288a7\" data-element_type=\"widget\" data-e-type=\"widget\" data-widget_type=\"heading.default\">\n\t\t\t\t<div class=\"elementor-widget-container\">\n\t\t\t\t\t<h2 class=\"elementor-heading-title elementor-size-default\">Cars Merkspiel\u200b<\/h2>\t\t\t\t<\/div>\n\t\t\t\t<\/div>\n\t\t\t\t<div class=\"elementor-element elementor-element-3d6d5cc elementor-widget elementor-widget-text-editor\" data-id=\"3d6d5cc\" data-element_type=\"widget\" data-e-type=\"widget\" data-widget_type=\"text-editor.default\">\n\t\t\t\t<div class=\"elementor-widget-container\">\n\t\t\t\t\t\t\t\t\t<p>Bei diesem rasanten Merkspiel von Cars ist Gl\u00fcck gefragt. Wer sich am besten merken kann, wo die passenden Bildpaare versteckt sind, gewinnt bei diesem Spiel!<\/p>\t\t\t\t\t\t\t\t<\/div>\n\t\t\t\t<\/div>\n\t\t\t\t<div class=\"elementor-element elementor-element-d2aad0c elementor-widget elementor-widget-image\" data-id=\"d2aad0c\" data-element_type=\"widget\" data-e-type=\"widget\" data-widget_type=\"image.default\">\n\t\t\t\t<div class=\"elementor-widget-container\">\n\t\t\t\t\t\t\t\t\t\t\t\t\t\t\t\t<a href=\"https:\/\/www.rofu.de\/unternehmen\/events-aktionen\/cars-merkspiel\/\">\n\t\t\t\t\t\t\t<img decoding=\"async\" width=\"1200\" height=\"700\" src=\"https:\/\/www.rofu.de\/unternehmen\/wp-content\/uploads\/2024\/01\/cars-merkspiel-banner.jpg\" class=\"attachment-large size-large wp-image-15136\" alt=\"Cars Merkspiel\" srcset=\"https:\/\/www.rofu.de\/unternehmen\/wp-content\/uploads\/2024\/01\/cars-merkspiel-banner.jpg 1200w, https:\/\/www.rofu.de\/unternehmen\/wp-content\/uploads\/2024\/01\/cars-merkspiel-banner-300x175.jpg 300w, https:\/\/www.rofu.de\/unternehmen\/wp-content\/uploads\/2024\/01\/cars-merkspiel-banner-768x448.jpg 768w, https:\/\/www.rofu.de\/unternehmen\/wp-content\/uploads\/2024\/01\/cars-merkspiel-banner-18x12.jpg 18w\" sizes=\"(max-width: 1200px) 100vw, 1200px\" \/>\t\t\t\t\t\t\t\t<\/a>\n\t\t\t\t\t\t\t\t\t\t\t\t\t\t\t<\/div>\n\t\t\t\t<\/div>\n\t\t\t\t<div class=\"elementor-element elementor-element-6e85169 elementor-align-center elementor-widget elementor-widget-button\" data-id=\"6e85169\" data-element_type=\"widget\" data-e-type=\"widget\" data-widget_type=\"button.default\">\n\t\t\t\t<div class=\"elementor-widget-container\">\n\t\t\t\t\t\t\t\t\t<div class=\"elementor-button-wrapper\">\n\t\t\t\t\t<a class=\"elementor-button elementor-button-link elementor-size-sm\" href=\"https:\/\/www.rofu.de\/unternehmen\/events-aktionen\/cars-merkspiel\/\">\n\t\t\t\t\t\t<span class=\"elementor-button-content-wrapper\">\n\t\t\t\t\t\t<span class=\"elementor-button-icon\">\n\t\t\t\t<i aria-hidden=\"true\" class=\"fas fa-angle-double-right\"><\/i>\t\t\t<\/span>\n\t\t\t\t\t\t\t\t\t<span class=\"elementor-button-text\">Zum Spiel<\/span>\n\t\t\t\t\t<\/span>\n\t\t\t\t\t<\/a>\n\t\t\t\t<\/div>\n\t\t\t\t\t\t\t\t<\/div>\n\t\t\t\t<\/div>\n\t\t\t\t\t<\/div>\n\t\t<\/div>\n\t\t\t\t<div class=\"elementor-column elementor-col-50 elementor-top-column elementor-element elementor-element-2545e87\" data-id=\"2545e87\" data-element_type=\"column\" data-e-type=\"column\">\n\t\t\t<div class=\"elementor-widget-wrap elementor-element-populated\">\n\t\t\t\t\t\t<div class=\"elementor-element elementor-element-eeb649c elementor-widget elementor-widget-heading\" data-id=\"eeb649c\" data-element_type=\"widget\" data-e-type=\"widget\" data-widget_type=\"heading.default\">\n\t\t\t\t<div class=\"elementor-widget-container\">\n\t\t\t\t\t<h2 class=\"elementor-heading-title elementor-size-default\">ROFU Spieleprofi<\/h2>\t\t\t\t<\/div>\n\t\t\t\t<\/div>\n\t\t\t\t<div class=\"elementor-element elementor-element-bdf71f4 elementor-widget elementor-widget-text-editor\" data-id=\"bdf71f4\" data-element_type=\"widget\" data-e-type=\"widget\" data-widget_type=\"text-editor.default\">\n\t\t\t\t<div class=\"elementor-widget-container\">\n\t\t\t\t\t\t\t\t\t<p>Dein Herz schl\u00e4gt f\u00fcr Gesellschaftsspiele? Dann werde ROFU Spieleprofi und teste f\u00fcr uns die verschiedensten Spiele auf Herz und Nieren. Anschlie\u00dfend berwertest du dein Testspiel in unserem Online-Fragebogen. Das Beste an der Sache: Du darfst das Spiel behalten!<\/p>\t\t\t\t\t\t\t\t<\/div>\n\t\t\t\t<\/div>\n\t\t\t\t<div class=\"elementor-element elementor-element-f877b34 elementor-widget elementor-widget-image\" data-id=\"f877b34\" data-element_type=\"widget\" data-e-type=\"widget\" data-widget_type=\"image.default\">\n\t\t\t\t<div class=\"elementor-widget-container\">\n\t\t\t\t\t\t\t\t\t\t\t\t\t\t\t\t<a href=\"https:\/\/www.rofu.de\/unternehmen\/events-aktionen\/rofu-spieleprofi\/\">\n\t\t\t\t\t\t\t<img loading=\"lazy\" decoding=\"async\" width=\"1200\" height=\"700\" src=\"https:\/\/www.rofu.de\/unternehmen\/wp-content\/uploads\/2024\/01\/spieleprofi-banner.jpg\" class=\"attachment-full size-full wp-image-15137\" alt=\"ROFU Spieleprofi\" srcset=\"https:\/\/www.rofu.de\/unternehmen\/wp-content\/uploads\/2024\/01\/spieleprofi-banner.jpg 1200w, https:\/\/www.rofu.de\/unternehmen\/wp-content\/uploads\/2024\/01\/spieleprofi-banner-300x175.jpg 300w, https:\/\/www.rofu.de\/unternehmen\/wp-content\/uploads\/2024\/01\/spieleprofi-banner-768x448.jpg 768w, https:\/\/www.rofu.de\/unternehmen\/wp-content\/uploads\/2024\/01\/spieleprofi-banner-18x12.jpg 18w\" sizes=\"(max-width: 1200px) 100vw, 1200px\" \/>\t\t\t\t\t\t\t\t<\/a>\n\t\t\t\t\t\t\t\t\t\t\t\t\t\t\t<\/div>\n\t\t\t\t<\/div>\n\t\t\t\t<div class=\"elementor-element elementor-element-f8bce20 elementor-align-center elementor-widget elementor-widget-button\" data-id=\"f8bce20\" data-element_type=\"widget\" data-e-type=\"widget\" data-widget_type=\"button.default\">\n\t\t\t\t<div class=\"elementor-widget-container\">\n\t\t\t\t\t\t\t\t\t<div class=\"elementor-button-wrapper\">\n\t\t\t\t\t<a class=\"elementor-button elementor-button-link elementor-size-sm\" href=\"https:\/\/www.rofu.de\/unternehmen\/events-aktionen\/rofu-spieleprofi\/\">\n\t\t\t\t\t\t<span class=\"elementor-button-content-wrapper\">\n\t\t\t\t\t\t<span class=\"elementor-button-icon\">\n\t\t\t\t<i aria-hidden=\"true\" class=\"fas fa-angle-double-right\"><\/i>\t\t\t<\/span>\n\t\t\t\t\t\t\t\t\t<span class=\"elementor-button-text\">Jetzt kostenlos anmelden<\/span>\n\t\t\t\t\t<\/span>\n\t\t\t\t\t<\/a>\n\t\t\t\t<\/div>\n\t\t\t\t\t\t\t\t<\/div>\n\t\t\t\t<\/div>\n\t\t\t\t\t<\/div>\n\t\t<\/div>\n\t\t\t\t\t<\/div>\n\t\t<\/section>\n\t\t\t\t<\/div>\n\t\t","protected":false},"excerpt":{"rendered":"<p>Events und Aktionen bei ROFU Kinderland Wir versorgen dich hier mit allen wichtigen Informationen \u00fcber unsere Aktionen und Events. Zahlreiche Rabattaktionen, tolle Partnerprogramme und mehr erwarten dich. Alle Termine zu unseren Events in deiner ROFU Filiale findest du auf einen Blick. So verpasst du garantiert keinen unserer besonderen Shopping Tage. Rofulino &amp; Freunde auf Tour [&hellip;]<\/p>\n","protected":false},"author":1,"featured_media":0,"parent":0,"menu_order":0,"comment_status":"closed","ping_status":"closed","template":"","meta":{"footnotes":""},"class_list":["post-258","page","type-page","status-publish","hentry","entry"],"yoast_head":"<!-- This site is optimized with the Yoast SEO plugin v27.0 - https:\/\/yoast.com\/product\/yoast-seo-wordpress\/ -->\n<title>Events &amp; Aktionen - ROFU Kinderland<\/title>\n<meta name=\"robots\" content=\"index, follow, max-snippet:-1, max-image-preview:large, max-video-preview:-1\" \/>\n<link rel=\"canonical\" href=\"https:\/\/www.rofu.de\/unternehmen\/events-aktionen\/\" \/>\n<meta property=\"og:locale\" content=\"de_DE\" \/>\n<meta property=\"og:type\" content=\"article\" \/>\n<meta property=\"og:title\" content=\"Events &amp; Aktionen - ROFU Kinderland\" \/>\n<meta property=\"og:description\" content=\"Events und Aktionen bei ROFU Kinderland Wir versorgen dich hier mit allen wichtigen Informationen \u00fcber unsere Aktionen und Events. Zahlreiche Rabattaktionen, tolle Partnerprogramme und mehr erwarten dich. Alle Termine zu unseren Events in deiner ROFU Filiale findest du auf einen Blick. So verpasst du garantiert keinen unserer besonderen Shopping Tage. Rofulino &amp; Freunde auf Tour [&hellip;]\" \/>\n<meta property=\"og:url\" content=\"https:\/\/www.rofu.de\/unternehmen\/events-aktionen\/\" \/>\n<meta property=\"og:site_name\" content=\"ROFU Kinderland\" \/>\n<meta property=\"article:publisher\" content=\"https:\/\/www.facebook.com\/RofuKinderland\/\" \/>\n<meta property=\"article:modified_time\" content=\"2025-04-16T13:50:19+00:00\" \/>\n<meta property=\"og:image\" content=\"https:\/\/www.rofu.de\/unternehmen\/wp-content\/uploads\/2025\/04\/rofulino_tour_2025_events.jpg\" \/>\n<meta name=\"twitter:card\" content=\"summary_large_image\" \/>\n<meta name=\"twitter:label1\" content=\"Gesch\u00e4tzte Lesezeit\" \/>\n\t<meta name=\"twitter:data1\" content=\"2\u00a0Minuten\" \/>\n<script type=\"application\/ld+json\" class=\"yoast-schema-graph\">{\"@context\":\"https:\/\/schema.org\",\"@graph\":[{\"@type\":\"WebPage\",\"@id\":\"https:\/\/www.rofu.de\/unternehmen\/events-aktionen\/\",\"url\":\"https:\/\/www.rofu.de\/unternehmen\/events-aktionen\/\",\"name\":\"Events &amp; Aktionen - ROFU Kinderland\",\"isPartOf\":{\"@id\":\"https:\/\/www.rofu.de\/unternehmen\/#website\"},\"primaryImageOfPage\":{\"@id\":\"https:\/\/www.rofu.de\/unternehmen\/events-aktionen\/#primaryimage\"},\"image\":{\"@id\":\"https:\/\/www.rofu.de\/unternehmen\/events-aktionen\/#primaryimage\"},\"thumbnailUrl\":\"https:\/\/www.rofu.de\/unternehmen\/wp-content\/uploads\/2025\/04\/rofulino_tour_2025_events.jpg\",\"datePublished\":\"2021-01-29T08:13:38+00:00\",\"dateModified\":\"2025-04-16T13:50:19+00:00\",\"breadcrumb\":{\"@id\":\"https:\/\/www.rofu.de\/unternehmen\/events-aktionen\/#breadcrumb\"},\"inLanguage\":\"de\",\"potentialAction\":[{\"@type\":\"ReadAction\",\"target\":[\"https:\/\/www.rofu.de\/unternehmen\/events-aktionen\/\"]}]},{\"@type\":\"ImageObject\",\"inLanguage\":\"de\",\"@id\":\"https:\/\/www.rofu.de\/unternehmen\/events-aktionen\/#primaryimage\",\"url\":\"https:\/\/www.rofu.de\/unternehmen\/wp-content\/uploads\/2025\/04\/rofulino_tour_2025_events.jpg\",\"contentUrl\":\"https:\/\/www.rofu.de\/unternehmen\/wp-content\/uploads\/2025\/04\/rofulino_tour_2025_events.jpg\",\"width\":1200,\"height\":700,\"caption\":\"Rofulino und Freunde Tour 2025\"},{\"@type\":\"BreadcrumbList\",\"@id\":\"https:\/\/www.rofu.de\/unternehmen\/events-aktionen\/#breadcrumb\",\"itemListElement\":[{\"@type\":\"ListItem\",\"position\":1,\"name\":\"ROFU.de\/unternehmen\",\"item\":\"https:\/\/www.rofu.de\/unternehmen\/\"},{\"@type\":\"ListItem\",\"position\":2,\"name\":\"Events &amp; Aktionen\"}]},{\"@type\":\"WebSite\",\"@id\":\"https:\/\/www.rofu.de\/unternehmen\/#website\",\"url\":\"https:\/\/www.rofu.de\/unternehmen\/\",\"name\":\"ROFU Kinderland | Unternehmen\",\"description\":\"ROFU Kinderland Unternehmen\",\"publisher\":{\"@id\":\"https:\/\/www.rofu.de\/unternehmen\/#organization\"},\"potentialAction\":[{\"@type\":\"SearchAction\",\"target\":{\"@type\":\"EntryPoint\",\"urlTemplate\":\"https:\/\/www.rofu.de\/unternehmen\/?s={search_term_string}\"},\"query-input\":{\"@type\":\"PropertyValueSpecification\",\"valueRequired\":true,\"valueName\":\"search_term_string\"}}],\"inLanguage\":\"de\"},{\"@type\":\"Organization\",\"@id\":\"https:\/\/www.rofu.de\/unternehmen\/#organization\",\"name\":\"ROFU Kinderland Spielwarenhandelsgesellschaft mbH\",\"url\":\"https:\/\/www.rofu.de\/unternehmen\/\",\"logo\":{\"@type\":\"ImageObject\",\"inLanguage\":\"de\",\"@id\":\"https:\/\/www.rofu.de\/unternehmen\/#\/schema\/logo\/image\/\",\"url\":\"https:\/\/www.rofu.de\/unternehmen\/wp-content\/uploads\/2021\/02\/logo.png\",\"contentUrl\":\"https:\/\/www.rofu.de\/unternehmen\/wp-content\/uploads\/2021\/02\/logo.png\",\"width\":1000,\"height\":250,\"caption\":\"ROFU Kinderland Spielwarenhandelsgesellschaft mbH\"},\"image\":{\"@id\":\"https:\/\/www.rofu.de\/unternehmen\/#\/schema\/logo\/image\/\"},\"sameAs\":[\"https:\/\/www.facebook.com\/RofuKinderland\/\",\"https:\/\/www.instagram.com\/rofukinderland\/\"]}]}<\/script>\n<!-- \/ Yoast SEO plugin. -->","yoast_head_json":{"title":"Events &amp; Aktionen - ROFU Kinderland","robots":{"index":"index","follow":"follow","max-snippet":"max-snippet:-1","max-image-preview":"max-image-preview:large","max-video-preview":"max-video-preview:-1"},"canonical":"https:\/\/www.rofu.de\/unternehmen\/events-aktionen\/","og_locale":"de_DE","og_type":"article","og_title":"Events &amp; Aktionen - ROFU Kinderland","og_description":"Events und Aktionen bei ROFU Kinderland Wir versorgen dich hier mit allen wichtigen Informationen \u00fcber unsere Aktionen und Events. Zahlreiche Rabattaktionen, tolle Partnerprogramme und mehr erwarten dich. Alle Termine zu unseren Events in deiner ROFU Filiale findest du auf einen Blick. So verpasst du garantiert keinen unserer besonderen Shopping Tage. Rofulino &amp; Freunde auf Tour [&hellip;]","og_url":"https:\/\/www.rofu.de\/unternehmen\/events-aktionen\/","og_site_name":"ROFU Kinderland","article_publisher":"https:\/\/www.facebook.com\/RofuKinderland\/","article_modified_time":"2025-04-16T13:50:19+00:00","og_image":[{"url":"https:\/\/www.rofu.de\/unternehmen\/wp-content\/uploads\/2025\/04\/rofulino_tour_2025_events.jpg","type":"","width":"","height":""}],"twitter_card":"summary_large_image","twitter_misc":{"Gesch\u00e4tzte Lesezeit":"2\u00a0Minuten"},"schema":{"@context":"https:\/\/schema.org","@graph":[{"@type":"WebPage","@id":"https:\/\/www.rofu.de\/unternehmen\/events-aktionen\/","url":"https:\/\/www.rofu.de\/unternehmen\/events-aktionen\/","name":"Events &amp; Aktionen - ROFU Kinderland","isPartOf":{"@id":"https:\/\/www.rofu.de\/unternehmen\/#website"},"primaryImageOfPage":{"@id":"https:\/\/www.rofu.de\/unternehmen\/events-aktionen\/#primaryimage"},"image":{"@id":"https:\/\/www.rofu.de\/unternehmen\/events-aktionen\/#primaryimage"},"thumbnailUrl":"https:\/\/www.rofu.de\/unternehmen\/wp-content\/uploads\/2025\/04\/rofulino_tour_2025_events.jpg","datePublished":"2021-01-29T08:13:38+00:00","dateModified":"2025-04-16T13:50:19+00:00","breadcrumb":{"@id":"https:\/\/www.rofu.de\/unternehmen\/events-aktionen\/#breadcrumb"},"inLanguage":"de","potentialAction":[{"@type":"ReadAction","target":["https:\/\/www.rofu.de\/unternehmen\/events-aktionen\/"]}]},{"@type":"ImageObject","inLanguage":"de","@id":"https:\/\/www.rofu.de\/unternehmen\/events-aktionen\/#primaryimage","url":"https:\/\/www.rofu.de\/unternehmen\/wp-content\/uploads\/2025\/04\/rofulino_tour_2025_events.jpg","contentUrl":"https:\/\/www.rofu.de\/unternehmen\/wp-content\/uploads\/2025\/04\/rofulino_tour_2025_events.jpg","width":1200,"height":700,"caption":"Rofulino und Freunde Tour 2025"},{"@type":"BreadcrumbList","@id":"https:\/\/www.rofu.de\/unternehmen\/events-aktionen\/#breadcrumb","itemListElement":[{"@type":"ListItem","position":1,"name":"ROFU.de\/unternehmen","item":"https:\/\/www.rofu.de\/unternehmen\/"},{"@type":"ListItem","position":2,"name":"Events &amp; Aktionen"}]},{"@type":"WebSite","@id":"https:\/\/www.rofu.de\/unternehmen\/#website","url":"https:\/\/www.rofu.de\/unternehmen\/","name":"ROFU Kinderland | Unternehmen","description":"ROFU Kinderland Unternehmen","publisher":{"@id":"https:\/\/www.rofu.de\/unternehmen\/#organization"},"potentialAction":[{"@type":"SearchAction","target":{"@type":"EntryPoint","urlTemplate":"https:\/\/www.rofu.de\/unternehmen\/?s={search_term_string}"},"query-input":{"@type":"PropertyValueSpecification","valueRequired":true,"valueName":"search_term_string"}}],"inLanguage":"de"},{"@type":"Organization","@id":"https:\/\/www.rofu.de\/unternehmen\/#organization","name":"ROFU Kinderland Spielwarenhandelsgesellschaft mbH","url":"https:\/\/www.rofu.de\/unternehmen\/","logo":{"@type":"ImageObject","inLanguage":"de","@id":"https:\/\/www.rofu.de\/unternehmen\/#\/schema\/logo\/image\/","url":"https:\/\/www.rofu.de\/unternehmen\/wp-content\/uploads\/2021\/02\/logo.png","contentUrl":"https:\/\/www.rofu.de\/unternehmen\/wp-content\/uploads\/2021\/02\/logo.png","width":1000,"height":250,"caption":"ROFU Kinderland Spielwarenhandelsgesellschaft mbH"},"image":{"@id":"https:\/\/www.rofu.de\/unternehmen\/#\/schema\/logo\/image\/"},"sameAs":["https:\/\/www.facebook.com\/RofuKinderland\/","https:\/\/www.instagram.com\/rofukinderland\/"]}]}},"_links":{"self":[{"href":"https:\/\/www.rofu.de\/unternehmen\/wp-json\/wp\/v2\/pages\/258","targetHints":{"allow":["GET"]}}],"collection":[{"href":"https:\/\/www.rofu.de\/unternehmen\/wp-json\/wp\/v2\/pages"}],"about":[{"href":"https:\/\/www.rofu.de\/unternehmen\/wp-json\/wp\/v2\/types\/page"}],"author":[{"embeddable":true,"href":"https:\/\/www.rofu.de\/unternehmen\/wp-json\/wp\/v2\/users\/1"}],"replies":[{"embeddable":true,"href":"https:\/\/www.rofu.de\/unternehmen\/wp-json\/wp\/v2\/comments?post=258"}],"version-history":[{"count":60,"href":"https:\/\/www.rofu.de\/unternehmen\/wp-json\/wp\/v2\/pages\/258\/revisions"}],"predecessor-version":[{"id":18939,"href":"https:\/\/www.rofu.de\/unternehmen\/wp-json\/wp\/v2\/pages\/258\/revisions\/18939"}],"wp:attachment":[{"href":"https:\/\/www.rofu.de\/unternehmen\/wp-json\/wp\/v2\/media?parent=258"}],"curies":[{"name":"wp","href":"https:\/\/api.w.org\/{rel}","templated":true}]}}